{"id":1349,"date":"2018-08-02T12:50:46","date_gmt":"2018-08-02T17:50:46","guid":{"rendered":"https:\/\/fracs.aero\/\/mentions-legales\/"},"modified":"2019-12-17T14:32:22","modified_gmt":"2019-12-17T19:32:22","slug":"mentions-legales","status":"publish","type":"page","link":"https:\/\/fracs.aero\/fr\/mentions-legales\/","title":{"rendered":"Mentions l\u00e9gales"},"content":{"rendered":"<h1>Mentions l\u00e9gales<\/h1>\n<p><strong>France Aviation Civile Services<\/strong><\/p>\n<p class=\"p1\"><span class=\"s1\">Groupement d\u2019Int\u00e9r\u00eat \u00e9conomique (GIE) au Capital de 300 000 \u20ac<\/span><\/p>\n<p class=\"p1\">Immatricul\u00e9 au Registre du Commerce et des Soci\u00e9t\u00e9s (RCS) de Toulouse sous le num\u00e9ro 798 564 445<\/p>\n<p><strong>Si\u00e8ge social<\/strong>\u00a0est au <a href=\"https:\/\/goo.gl\/maps\/mbaiNV4dNC1Zx4jW9\">7, avenue \u00c9douard Belin, 31400 TOULOUSE<\/a>.<\/p>\n<p>@:\u00a0<a href=\"mailto:contact@fracs.aero\">contact@fracs.aero<\/a><\/p>\n<p>Tel: +33 5 62 17 45 64<\/p>\n<p class=\"p1\"><span class=\"s1\">Num\u00e9ro de TVA Intra-communautaire\u00a0: FR66 79 85 64\u00a0449<\/span><\/p>\n<p class=\"p1\"><span class=\"s1\">Directeur ex\u00e9cutif: M. Farid ZIZI<\/span><\/p>\n<hr \/>\n<p><strong>H\u00e9bergement : OVH<\/strong><\/p>\n<p>SAS au capital de 10 069 020 \u20ac<\/p>\n<p>RCS Lille M\u00e9tropole 424 761 419 00045<\/p>\n<p>Code APE 2620Z<\/p>\n<p>N\u00b0 TVA : FR 22 424 761 419<\/p>\n<p><strong>Si\u00e8ge social<\/strong>\u00a0est au <a href=\"https:\/\/maps.google.com\/?q=2+rue+Kellermann+-+59100+Roubaix+-+France&amp;entry=gmail&amp;source=g\">2 rue Kellermann &#8211; 59100 Roubaix &#8211; France<\/a>.<\/p>\n<hr \/>\n<h2><\/h2>\n<h2><strong>Conditions g\u00e9n\u00e9rales d&rsquo;utilisation<br \/>\n<\/strong><\/h2>\n<h4>1. D\u00e9finitions<\/h4>\n<p>Le pr\u00e9sent article a pour objet de d\u00e9finir les diff\u00e9rents termes essentiels des pr\u00e9sentes Conditions g\u00e9n\u00e9rales d\u2019utilisation\u00a0:<\/p>\n<p><strong>Client\u00a0:<\/strong> d\u00e9signe toute personne morale ou physique majeure ayant contract\u00e9 avec le GIE France Aviation Civile Services \u2013 FRACS.<\/p>\n<p><strong>Conditions g\u00e9n\u00e9rales d\u2019utilisation\u00a0:<\/strong> Le pr\u00e9sent ensemble de dispositions ayant une valeur contractuelle et dont l\u2019objectif est de r\u00e9gir les rapports de droits et devoirs entre tout Utilisateur du site web <a href=\"http:\/\/www.fracs.aero\">www.fracs.aero<\/a>\u00a0et son \u00e9diteur le GIE FRACS ou tout prestataire dont il s\u2019attache les services. (Ci-apr\u00e8s \u00ab le Contrat \u00bb).<\/p>\n<p><strong>Contenu utilisateur\u00a0:<\/strong> ce sont les donn\u00e9es transmises par l&rsquo;Utilisateur au sein du Site.<\/p>\n<p><strong>Contrat\u00a0:<\/strong> Tout accord de volont\u00e9s \u00e9crit ou non, conforme ou d\u00e9rogeant aux pr\u00e9sentes, entre France Aviation Civile Services &#8211; FRACS et tout Client ou Utilisateur dans le cadre des pr\u00e9sentes et destin\u00e9 \u00e0 r\u00e9gir la vente de produits ou la fourniture de prestations de services par France Aviation Civile Services &#8211; FRACS au Client ou \u00e0 l\u2019Utilisateur, sur la base de la description faite du produit ou service et des Tarifs (susceptibles d\u2019\u00e9volutions ult\u00e9rieures) que ce dernier aura pr\u00e9alablement accept\u00e9.<\/p>\n<p><strong>Membre\u00a0:<\/strong> l&rsquo;Utilisateur devient membre lorsqu&rsquo;il est identifi\u00e9 sur le Site web \/ internet.<\/p>\n<p><strong>Identifiant et mot de passe : <\/strong>c&rsquo;est l&rsquo;ensemble des informations n\u00e9cessaires \u00e0 l&rsquo;identification d&rsquo;un Utilisateur sur le Site. L&rsquo;identifiant et le mot de passe permettent \u00e0 l&rsquo;Utilisateur d&rsquo;acc\u00e9der \u00e0 des services r\u00e9serv\u00e9s aux membres du Site. Le mot de passe est confidentiel.<\/p>\n<p><strong>Utilisateur : <\/strong>ce terme d\u00e9signe toute personne qui utilise le Site web \/ internet ou l&rsquo;un des services propos\u00e9s par le Site internet.<\/p>\n<p><strong>Site web \/ internet ou simplement Site : <\/strong>ce terme d\u00e9signe un ensemble de\u00a0pages web\u00a0et de\u00a0ressources\u00a0reli\u00e9es par des\u00a0hyperliens, d\u00e9fini et accessible par une\u00a0adresse web, en l\u2019occurrence <a href=\"http:\/\/www.fracs.aero\">www.fracs.aero<\/a><\/p>\n<h4><\/h4>\n<h4>2. Objet<\/h4>\n<p>Les pr\u00e9sentes \u00ab\u00a0Conditions g\u00e9n\u00e9rales d&rsquo;utilisation\u00a0\u00bb ont pour objet d\u2019encadrer juridiquement l\u2019utilisation du Site web ci-dessus cit\u00e9 par \u00ab\u00a0l&rsquo;Utilisateur\u00a0\u00bb et la mise \u00e0 disposition des services du GIE FRACS par ce Site.<\/p>\n<p>Les Conditions g\u00e9n\u00e9rales d&rsquo;utilisation doivent \u00eatre accept\u00e9es par tout Utilisateur souhaitant acc\u00e9der au Site.<\/p>\n<p>Elles constituent le Contrat entre le GIE FRACS et l&rsquo;Utilisateur concernant l\u2019utilisation de ce Site.<\/p>\n<p>L\u2019acc\u00e8s au Site par l\u2019Utilisateur signifie son acceptation des pr\u00e9sentes Conditions g\u00e9n\u00e9rales d\u2019utilisation.<\/p>\n<p>La dur\u00e9e des pr\u00e9sentes est ind\u00e9termin\u00e9e. Elles produisent leurs effets \u00e0 l&rsquo;\u00e9gard de l&rsquo;Utilisateur d\u00e8s acc\u00e8s et utilisation du Site.<\/p>\n<h4><\/h4>\n<h4>3.\u00a0 Dispositions contractuelles et Modifications<\/h4>\n<p>La nullit\u00e9 d&rsquo;une clause contractuelle contenue dans les pr\u00e9sentes Conditions g\u00e9n\u00e9rales d\u2019utilisation n&rsquo;entra\u00eene pas la nullit\u00e9 de ces derni\u00e8res.<\/p>\n<p>France Aviation Civile Services &#8211; FRACS\u00a0se r\u00e9serve le droit de modifier unilat\u00e9ralement et \u00e0 tout moment le contenu des pr\u00e9sentes Conditions g\u00e9n\u00e9rales d&rsquo;utilisation, les Utilisateurs sont donc invit\u00e9s \u00e0 les consulter r\u00e9guli\u00e8rement.<\/p>\n<h4><\/h4>\n<h4>4. Mentions l\u00e9gales<\/h4>\n<p>L&rsquo;\u00e9dition du Site objet des pr\u00e9sentes, est assur\u00e9e par le GIE FRACS et par le biais de tout prestataire qu\u2019il d\u00e9signe librement si n\u00e9cessaire.<\/p>\n<p>Pour toutes informations suppl\u00e9mentaires, voir la rubrique du Site intitul\u00e9e \u00ab\u00a0Mentions L\u00e9gales\u00a0\u00bb.<\/p>\n<h4><\/h4>\n<h4>5. Acc\u00e8s aux services<\/h4>\n<p>Le Site permet \u00e0 l&rsquo;Utilisateur un acc\u00e8s gratuit aux services suivants et leur entier contenu :<\/p>\n<ul>\n<li>Accueil<\/li>\n<li>Nos Produits et services<\/li>\n<li>Notre Entreprise<\/li>\n<li>Nos Partenaires<\/li>\n<li>Nos Actualit\u00e9s<\/li>\n<li>Nos Contacts<\/li>\n<li>Nos Pages Twitter et LinkedIn<\/li>\n<li>Un outil d\u2019inscription \u00e0 Notre Newsletter<\/li>\n<li>Et tous autres contenus du Site.<\/li>\n<\/ul>\n<p>Le Site est accessible gratuitement en tout lieu \u00e0 tout Utilisateur ayant un acc\u00e8s \u00e0 Internet.<\/p>\n<p>Tous les frais support\u00e9s par l&rsquo;Utilisateur pour acc\u00e9der au service (mat\u00e9riel informatique, logiciels, connexion Internet, etc.) sont \u00e0 sa charge.<\/p>\n<p>Le Site met en \u0153uvre tous les moyens n\u00e9cessaires pour assurer un acc\u00e8s de qualit\u00e9 \u00e0 ses services.<\/p>\n<p>L\u2019Utilisateur agira en toute l\u00e9galit\u00e9 et honn\u00eatet\u00e9 \u00e0 tout moment lors de son acc\u00e8s au Site.<\/p>\n<p>Le Site ne sera pas utilis\u00e9 \u00e0 des fins frauduleuses ou dans le cadre d\u2019une infraction p\u00e9nale ou de toute autre activit\u00e9 illicite.<\/p>\n<p>Tout \u00e9v\u00e9nement d\u00fb \u00e0 un cas de force majeure ayant pour cons\u00e9quence un dysfonctionnement du r\u00e9seau ou du serveur n&rsquo;engage pas la responsabilit\u00e9 du GIE FRACS.<\/p>\n<p>L&rsquo;acc\u00e8s aux services du Site peut \u00e0 tout moment faire l&rsquo;objet d&rsquo;une interruption, d&rsquo;une suspension, d&rsquo;une modification sans pr\u00e9avis pour une maintenance ou pour tout autre cas, le GIE FRACS s\u2019efforcera, dans la mesure du possible, de tenir les Utilisateurs inform\u00e9s.<\/p>\n<p>L&rsquo;Utilisateur s&rsquo;oblige \u00e0 n\u2019invoquer aucun pr\u00e9judice ni ne r\u00e9clamer aucune indemnisation suite \u00e0 l&rsquo;interruption, \u00e0 la suspension ou \u00e0 la modification du Site, notamment en cas de dysfonctionnement.<\/p>\n<p>L&rsquo;Utilisateur a la possibilit\u00e9 de contacter le responsable technique du Site par messagerie \u00e9lectronique \u00e0 l\u2019adresse\u00a0: <a href=\"mailto:contact@fracs.aero\">contact@fracs.aero<\/a><\/p>\n<h4><\/h4>\n<h4>6. Propri\u00e9t\u00e9 intellectuelle<\/h4>\n<p>Les marques, logos, signes, images, \u00e9crits (Articles, Communiqu\u00e9s de presse et autres sauf dispositions contraires) et tout autre contenu du Site font l&rsquo;objet d&rsquo;une protection par le Code de la propri\u00e9t\u00e9 intellectuelle et plus particuli\u00e8rement par le droit d&rsquo;auteur. Ils sont soit la propri\u00e9t\u00e9 du GIE FRACS, soit ce dernier les a obtenus l\u00e9galement.<\/p>\n<p>L&rsquo;Utilisateur sollicitera l&rsquo;autorisation pr\u00e9alable du GIE FRACS pour toute utilisation, reproduction, publication et\/ou copie des diff\u00e9rents contenus.<\/p>\n<p>L&rsquo;Utilisateur s&rsquo;engage \u00e0 une utilisation des contenus du Site dans un cadre strictement priv\u00e9.<\/p>\n<p>Une utilisation des contenus \u00e0 des fins commerciales ou publiques est strictement interdite sans l\u2019autorisation expresse, pr\u00e9alable et \u00e9crite du GIE FRACS par une personne d\u00fbment habilit\u00e9e.<\/p>\n<p>L&rsquo;Utilisateur s&rsquo;engage \u00e0 ne pas utiliser ou mettre en ligne des contenus pouvant porter atteinte aux int\u00e9r\u00eats du GIE FRACS et encore moins de tierces personnes avec inclusion ou indexation du GIE FRACS.<\/p>\n<p>Plus pr\u00e9cis\u00e9ment, l\u2019Utilisateur ne tentera pas de publier sur le Site et n\u2019utilisera pas les adresses de contact sur le Site pour publier tout contenu diffamatoire, obsc\u00e8ne, en violation du droit d\u2019auteur, vulgaire ou ind\u00e9cent ou entra\u00eenant un harc\u00e8lement, des menaces, de la violence ou de la haine ou d\u00e9gradant ou intimidant de toute autre mani\u00e8re un individu ou un groupe d\u2019individus sur la base ou non de la religion, du genre, de l\u2019orientation sexuelle, de la race, de l\u2019origine ethnique, de l\u2019\u00e2ge ou du handicap.<\/p>\n<p>Tout acc\u00e8s non autoris\u00e9 au code source du Site ayant pour objet ou pour effet notamment d&rsquo;y introduire des logiciels malveillants, d&rsquo;en d\u00e9tourner les informations ou, plus g\u00e9n\u00e9ralement d&rsquo;en changer la structure, est interdit.<\/p>\n<p>Le GIE FRACS pourra prendre ou faire prendre toute mesure en vue de faire cesser le trouble et assurer la d\u00e9fense de ses int\u00e9r\u00eats.<\/p>\n<p>Tout recours en justice engag\u00e9 par un tiers l\u00e9s\u00e9 contre le Site et son \u00e9diteur sera assum\u00e9 par l&rsquo;Utilisateur.<\/p>\n<p>Le GIE FRACS se r\u00e9serve le droit de restreindre l\u2019usage de son Site \u00e0 tout Utilisateur qui contreviendrait aux pr\u00e9sentes Conditions g\u00e9n\u00e9rales, sans justification ni notification aucune et sans pr\u00e9judice d\u2019une d\u00e9nonciation ou poursuite pr\u00e8s les Autorit\u00e9s comp\u00e9tentes, judiciaires et\/ou administratives.<\/p>\n<h4><\/h4>\n<h4>7. Donn\u00e9es personnelles<\/h4>\n<p>Le GIE FRACS s\u2019est dot\u00e9 d\u2019une Charte de protection des donn\u00e9es \u00e0 caract\u00e8re personnel accessible sur son Site.<\/p>\n<p><strong><em>Consulter la <a href=\"https:\/\/fracs.aero\/\/pdf\/Charte_culture_juste_DSNA.pdf\" rel=\"noopener\">Charte de protection des donn\u00e9es (PDF)<\/a><\/em><\/strong><\/p>\n<p>Il appartient \u00e0 l\u2019Utilisateur de consulter cette Charte qui l\u2019informe des traitements de donn\u00e9es \u00e0 caract\u00e8re personnel mis en \u0153uvre par le GIE FRACS, des cookies utilis\u00e9s par le Site ainsi que du consentement \u00e0 l\u2019utilisation de ces traitements et cookies.<\/p>\n<h4><\/h4>\n<h4>8. Responsabilit\u00e9 et force majeure<\/h4>\n<p>Le GIE FRACS ne pourra \u00eatre tenu responsable pour une perte, un dommage direct ou indirect caus\u00e9 \u00e0 l\u2019Utilisateur, son activit\u00e9 ou son mat\u00e9riel du fait de son utilisation du Site ou quel qu\u2019en soit le moyen, de m\u00eame, quelle qu\u2019en soit la cause, explicitement ou implicitement.<\/p>\n<p>Le GIE FRACS d\u00e9cline toute responsabilit\u00e9 concernant la fiabilit\u00e9, l\u2019exactitude, la fiabilit\u00e9 des sources\u00a0du et\/ou du contenu de ce Site et ne pourrait \u00eatre tenu responsable pour des carences, des erreurs, des omissions ou autres manques du m\u00eame genre dans la mise \u00e0 jour du Site.<\/p>\n<p>Les informations donn\u00e9es sur le Site le sont \u00e0 titre purement informatif et\/ou indicatif et sont susceptibles d\u2019\u00e9voluer. Ainsi, l&rsquo;Utilisateur assume seul l&rsquo;enti\u00e8re responsabilit\u00e9 de l&rsquo;utilisation des informations et contenus du pr\u00e9sent Site et ne peut aucunement engager la responsabilit\u00e9 du GIE FRACS.<\/p>\n<p>Le Site est con\u00e7u pour r\u00e9pondre aux standards Web g\u00e9n\u00e9ralement utilis\u00e9s selon l\u2019\u00e9tat de l\u2019art. Toutefois, le GIE FRACS ne fournit aucune garantie quant \u00e0 l\u2019absence de dysfonctionnement du Site, de virus informatique ou de tout autre programme informatique malveillant ou n\u00e9faste ou l\u2019absence de piratage ou autres failles de s\u00e9curit\u00e9 sur le Site ou sur les sites web li\u00e9s \u00e0 ce dernier. Il incombe \u00e0 l\u2019Utilisateur de v\u00e9rifier qu\u2019il utilise un logiciel antivirus appropri\u00e9 et prenne ses pr\u00e9cautions de s\u00e9curit\u00e9 n\u00e9cessaires.<\/p>\n<p>L&rsquo;Utilisateur s&rsquo;assure de garder son mot de passe secret s\u2019il en a un et si cela est requis sur le Site.<\/p>\n<p>Toute divulgation du mot de passe, quelle que soit sa forme, est interdite et n\u2019engage pas le Site et son \u00e9diteur.<\/p>\n<p>L&rsquo;Utilisateur assume les risques li\u00e9s \u00e0 l&rsquo;utilisation du Site, de son identifiant et mot de passe. Le Site et son \u00e9diteur d\u00e9clinent toute responsabilit\u00e9.<\/p>\n<p>Tout usage du Site par l&rsquo;Utilisateur ayant directement ou indirectement pour cons\u00e9quence des dommages au GIE FRACS ou \u00e0 un tiers, fera l&rsquo;objet d&rsquo;une indemnisation au profit du GIE FRACS et\/ou de ce tiers.<\/p>\n<p>De nombreux liens hypertextes sortants sont pr\u00e9sents sur le Site, cependant les pages web o\u00f9 m\u00e8nent ces liens n&rsquo;engagent en rien la responsabilit\u00e9 de GIE FRACS et son Site qui n&rsquo;a pas le contr\u00f4le de ces liens.<\/p>\n<p>L&rsquo;Utilisateur s&rsquo;interdit donc d\u2019engager la responsabilit\u00e9 du Site et de son \u00e9diteur concernant le contenu et les ressources relatives \u00e0 ces liens hypertextes sortants.<\/p>\n<p>La responsabilit\u00e9 de l\u2019\u00e9diteur du Site ne peut \u00eatre engag\u00e9e en cas de force majeure.<\/p>\n<h4>9. Droit applicable et juridiction comp\u00e9tente<\/h4>\n<p>La l\u00e9gislation fran\u00e7aise s&rsquo;applique aux pr\u00e9sentes Conditions g\u00e9n\u00e9rales d\u2019utilisation.<\/p>\n<p>En cas d&rsquo;absence de r\u00e9solution amiable d&rsquo;un litige n\u00e9 entre les Parties, ces derni\u00e8res se remettront exclusivement \u00e0 la comp\u00e9tence des Tribunaux de Toulouse.<\/p>\n","protected":false},"excerpt":{"rendered":"<p>Mentions l\u00e9gales France Aviation Civile Services Groupement d\u2019Int\u00e9r\u00eat \u00e9conomique (GIE) au Capital de 300 000 \u20ac Immatricul\u00e9 au Registre du Commerce et des Soci\u00e9t\u00e9s (RCS) de Toulouse sous le num\u00e9ro 798 564 445 Si\u00e8ge social\u00a0est au 7, avenue \u00c9douard Belin, 31400 TOULOUSE. @:\u00a0contact@fracs.aero Tel: +33 5 62 17 45 64 Num\u00e9ro de TVA Intra-communautaire\u00a0: FR66 [&hellip;]<\/p>\n","protected":false},"author":1,"featured_media":0,"parent":0,"menu_order":0,"comment_status":"closed","ping_status":"closed","template":"","meta":{"cybocfi_hide_featured_image":"","footnotes":""},"class_list":["post-1349","page","type-page","status-publish","hentry"],"yoast_head":"<!-- This site is optimized with the Yoast SEO plugin v26.6 - https:\/\/yoast.com\/wordpress\/plugins\/seo\/ -->\n<title>Mentions l\u00e9gales - France Aviation Civile Services<\/title>\n<meta name=\"robots\" content=\"index, follow, max-snippet:-1, max-image-preview:large, max-video-preview:-1\" \/>\n<link rel=\"canonical\" href=\"https:\/\/fracs.aero\/fr\/mentions-legales\/\" \/>\n<meta property=\"og:locale\" content=\"fr_FR\" \/>\n<meta property=\"og:type\" content=\"article\" \/>\n<meta property=\"og:title\" content=\"Mentions l\u00e9gales - France Aviation Civile Services\" \/>\n<meta property=\"og:description\" content=\"Mentions l\u00e9gales France Aviation Civile Services Groupement d\u2019Int\u00e9r\u00eat \u00e9conomique (GIE) au Capital de 300 000 \u20ac Immatricul\u00e9 au Registre du Commerce et des Soci\u00e9t\u00e9s (RCS) de Toulouse sous le num\u00e9ro 798 564 445 Si\u00e8ge social\u00a0est au 7, avenue \u00c9douard Belin, 31400 TOULOUSE. @:\u00a0contact@fracs.aero Tel: +33 5 62 17 45 64 Num\u00e9ro de TVA Intra-communautaire\u00a0: FR66 [&hellip;]\" \/>\n<meta property=\"og:url\" content=\"https:\/\/fracs.aero\/fr\/mentions-legales\/\" \/>\n<meta property=\"og:site_name\" content=\"France Aviation Civile Services\" \/>\n<meta property=\"article:modified_time\" content=\"2019-12-17T19:32:22+00:00\" \/>\n<meta name=\"twitter:card\" content=\"summary_large_image\" \/>\n<meta name=\"twitter:site\" content=\"@fracsaero\" \/>\n<meta name=\"twitter:label1\" content=\"Dur\u00e9e de lecture estim\u00e9e\" \/>\n\t<meta name=\"twitter:data1\" content=\"9 minutes\" \/>\n<script type=\"application\/ld+json\" class=\"yoast-schema-graph\">{\"@context\":\"https:\/\/schema.org\",\"@graph\":[{\"@type\":\"WebPage\",\"@id\":\"https:\/\/fracs.aero\/fr\/mentions-legales\/\",\"url\":\"https:\/\/fracs.aero\/fr\/mentions-legales\/\",\"name\":\"Mentions l\u00e9gales - France Aviation Civile Services\",\"isPartOf\":{\"@id\":\"https:\/\/fracs.aero\/fr\/#website\"},\"datePublished\":\"2018-08-02T17:50:46+00:00\",\"dateModified\":\"2019-12-17T19:32:22+00:00\",\"breadcrumb\":{\"@id\":\"https:\/\/fracs.aero\/fr\/mentions-legales\/#breadcrumb\"},\"inLanguage\":\"fr-FR\",\"potentialAction\":[{\"@type\":\"ReadAction\",\"target\":[\"https:\/\/fracs.aero\/fr\/mentions-legales\/\"]}]},{\"@type\":\"BreadcrumbList\",\"@id\":\"https:\/\/fracs.aero\/fr\/mentions-legales\/#breadcrumb\",\"itemListElement\":[{\"@type\":\"ListItem\",\"position\":1,\"name\":\"Home\",\"item\":\"https:\/\/fracs.aero\/fr\/\"},{\"@type\":\"ListItem\",\"position\":2,\"name\":\"Mentions l\u00e9gales\"}]},{\"@type\":\"WebSite\",\"@id\":\"https:\/\/fracs.aero\/fr\/#website\",\"url\":\"https:\/\/fracs.aero\/fr\/\",\"name\":\"France Aviation Civile Services\",\"description\":\"France Aviation Civile Services\",\"publisher\":{\"@id\":\"https:\/\/fracs.aero\/fr\/#organization\"},\"potentialAction\":[{\"@type\":\"SearchAction\",\"target\":{\"@type\":\"EntryPoint\",\"urlTemplate\":\"https:\/\/fracs.aero\/fr\/?s={search_term_string}\"},\"query-input\":{\"@type\":\"PropertyValueSpecification\",\"valueRequired\":true,\"valueName\":\"search_term_string\"}}],\"inLanguage\":\"fr-FR\"},{\"@type\":\"Organization\",\"@id\":\"https:\/\/fracs.aero\/fr\/#organization\",\"name\":\"France Aviation Civile Services\",\"url\":\"https:\/\/fracs.aero\/fr\/\",\"logo\":{\"@type\":\"ImageObject\",\"inLanguage\":\"fr-FR\",\"@id\":\"https:\/\/fracs.aero\/fr\/#\/schema\/logo\/image\/\",\"url\":\"https:\/\/fracs.aero\/wp-content\/uploads\/2019\/08\/FRACS-for-web-1.png\",\"contentUrl\":\"https:\/\/fracs.aero\/wp-content\/uploads\/2019\/08\/FRACS-for-web-1.png\",\"width\":340,\"height\":156,\"caption\":\"France Aviation Civile Services\"},\"image\":{\"@id\":\"https:\/\/fracs.aero\/fr\/#\/schema\/logo\/image\/\"},\"sameAs\":[\"https:\/\/x.com\/fracsaero\",\"https:\/\/www.linkedin.com\/company\/fracs\/\"]}]}<\/script>\n<!-- \/ Yoast SEO plugin. -->","yoast_head_json":{"title":"Mentions l\u00e9gales - France Aviation Civile Services","robots":{"index":"index","follow":"follow","max-snippet":"max-snippet:-1","max-image-preview":"max-image-preview:large","max-video-preview":"max-video-preview:-1"},"canonical":"https:\/\/fracs.aero\/fr\/mentions-legales\/","og_locale":"fr_FR","og_type":"article","og_title":"Mentions l\u00e9gales - France Aviation Civile Services","og_description":"Mentions l\u00e9gales France Aviation Civile Services Groupement d\u2019Int\u00e9r\u00eat \u00e9conomique (GIE) au Capital de 300 000 \u20ac Immatricul\u00e9 au Registre du Commerce et des Soci\u00e9t\u00e9s (RCS) de Toulouse sous le num\u00e9ro 798 564 445 Si\u00e8ge social\u00a0est au 7, avenue \u00c9douard Belin, 31400 TOULOUSE. @:\u00a0contact@fracs.aero Tel: +33 5 62 17 45 64 Num\u00e9ro de TVA Intra-communautaire\u00a0: FR66 [&hellip;]","og_url":"https:\/\/fracs.aero\/fr\/mentions-legales\/","og_site_name":"France Aviation Civile Services","article_modified_time":"2019-12-17T19:32:22+00:00","twitter_card":"summary_large_image","twitter_site":"@fracsaero","twitter_misc":{"Dur\u00e9e de lecture estim\u00e9e":"9 minutes"},"schema":{"@context":"https:\/\/schema.org","@graph":[{"@type":"WebPage","@id":"https:\/\/fracs.aero\/fr\/mentions-legales\/","url":"https:\/\/fracs.aero\/fr\/mentions-legales\/","name":"Mentions l\u00e9gales - France Aviation Civile Services","isPartOf":{"@id":"https:\/\/fracs.aero\/fr\/#website"},"datePublished":"2018-08-02T17:50:46+00:00","dateModified":"2019-12-17T19:32:22+00:00","breadcrumb":{"@id":"https:\/\/fracs.aero\/fr\/mentions-legales\/#breadcrumb"},"inLanguage":"fr-FR","potentialAction":[{"@type":"ReadAction","target":["https:\/\/fracs.aero\/fr\/mentions-legales\/"]}]},{"@type":"BreadcrumbList","@id":"https:\/\/fracs.aero\/fr\/mentions-legales\/#breadcrumb","itemListElement":[{"@type":"ListItem","position":1,"name":"Home","item":"https:\/\/fracs.aero\/fr\/"},{"@type":"ListItem","position":2,"name":"Mentions l\u00e9gales"}]},{"@type":"WebSite","@id":"https:\/\/fracs.aero\/fr\/#website","url":"https:\/\/fracs.aero\/fr\/","name":"France Aviation Civile Services","description":"France Aviation Civile Services","publisher":{"@id":"https:\/\/fracs.aero\/fr\/#organization"},"potentialAction":[{"@type":"SearchAction","target":{"@type":"EntryPoint","urlTemplate":"https:\/\/fracs.aero\/fr\/?s={search_term_string}"},"query-input":{"@type":"PropertyValueSpecification","valueRequired":true,"valueName":"search_term_string"}}],"inLanguage":"fr-FR"},{"@type":"Organization","@id":"https:\/\/fracs.aero\/fr\/#organization","name":"France Aviation Civile Services","url":"https:\/\/fracs.aero\/fr\/","logo":{"@type":"ImageObject","inLanguage":"fr-FR","@id":"https:\/\/fracs.aero\/fr\/#\/schema\/logo\/image\/","url":"https:\/\/fracs.aero\/wp-content\/uploads\/2019\/08\/FRACS-for-web-1.png","contentUrl":"https:\/\/fracs.aero\/wp-content\/uploads\/2019\/08\/FRACS-for-web-1.png","width":340,"height":156,"caption":"France Aviation Civile Services"},"image":{"@id":"https:\/\/fracs.aero\/fr\/#\/schema\/logo\/image\/"},"sameAs":["https:\/\/x.com\/fracsaero","https:\/\/www.linkedin.com\/company\/fracs\/"]}]}},"_links":{"self":[{"href":"https:\/\/fracs.aero\/fr\/wp-json\/wp\/v2\/pages\/1349","targetHints":{"allow":["GET"]}}],"collection":[{"href":"https:\/\/fracs.aero\/fr\/wp-json\/wp\/v2\/pages"}],"about":[{"href":"https:\/\/fracs.aero\/fr\/wp-json\/wp\/v2\/types\/page"}],"author":[{"embeddable":true,"href":"https:\/\/fracs.aero\/fr\/wp-json\/wp\/v2\/users\/1"}],"replies":[{"embeddable":true,"href":"https:\/\/fracs.aero\/fr\/wp-json\/wp\/v2\/comments?post=1349"}],"version-history":[{"count":0,"href":"https:\/\/fracs.aero\/fr\/wp-json\/wp\/v2\/pages\/1349\/revisions"}],"wp:attachment":[{"href":"https:\/\/fracs.aero\/fr\/wp-json\/wp\/v2\/media?parent=1349"}],"curies":[{"name":"wp","href":"https:\/\/api.w.org\/{rel}","templated":true}]}}