{"id":5786,"date":"2024-10-04T02:15:58","date_gmt":"2024-10-04T00:15:58","guid":{"rendered":"https:\/\/fracs.aero\/?page_id=5786"},"modified":"2024-10-06T23:17:12","modified_gmt":"2024-10-06T21:17:12","slug":"experts","status":"publish","type":"page","link":"https:\/\/fracs.aero\/fr\/experts\/","title":{"rendered":"Experts"},"content":{"rendered":"\n<style type=\"text\/css\" data-created_by=\"avia_inline_auto\" id=\"style-css-av-tby1e-21f59311102ad4502a70499245d8ff57\">\n.avia-section.av-tby1e-21f59311102ad4502a70499245d8ff57{\nbackground-repeat:no-repeat;\nbackground-image:url(https:\/\/fracs.aero\/wp-content\/uploads\/2024\/10\/entete-expert-2.jpg);\nbackground-position:50% 100%;\nbackground-attachment:scroll;\n}\n<\/style>\n<div id='av_section_1'  class='avia-section av-tby1e-21f59311102ad4502a70499245d8ff57 main_color avia-section-default avia-no-shadow  avia-builder-el-0  el_before_av_two_fifth  avia-builder-el-first  avia-full-stretch avia-bg-style-scroll container_wrap sidebar_right'  data-section-bg-repeat='stretch'><div class='container av-section-cont-open' ><main  role=\"main\" itemprop=\"mainContentOfPage\"  class='template-page content  av-content-small alpha units'><div class='post-entry post-entry-type-page post-entry-5786'><div class='entry-content-wrapper clearfix'>\n\n<style type=\"text\/css\" data-created_by=\"avia_inline_auto\" id=\"style-css-av-830vl6-a965d6323f83aa3610179524d3d00e90\">\n.flex_column.av-830vl6-a965d6323f83aa3610179524d3d00e90{\nborder-radius:0px 0px 0px 0px;\npadding:60px 40px 60px 40px;\n}\n<\/style>\n<div  class='flex_column av-830vl6-a965d6323f83aa3610179524d3d00e90 av_one_half  avia-builder-el-1  avia-builder-el-no-sibling  first flex_column_div  '     ><style type=\"text\/css\" data-created_by=\"avia_inline_auto\" id=\"style-css-av-7vv2q2-a70a702ac6dde69dbc71ed88cfc26d5d\">\n#top .av_textblock_section.av-7vv2q2-a70a702ac6dde69dbc71ed88cfc26d5d .avia_textblock{\ncolor:#ffffff;\n}\n<\/style>\n<section  class='av_textblock_section av-7vv2q2-a70a702ac6dde69dbc71ed88cfc26d5d '   itemscope=\"itemscope\" itemtype=\"https:\/\/schema.org\/CreativeWork\" ><div class='avia_textblock hauteur av_inherit_color'  itemprop=\"text\" ><h1>Notre r\u00e9seau d&rsquo;experts<\/h1>\n<\/div><\/section><br \/>\n\n<style type=\"text\/css\" data-created_by=\"avia_inline_auto\" id=\"style-css-av-m1tzb1gb-59f2967d38d3be57eab9e1b61602bd66\">\n#top .hr.av-m1tzb1gb-59f2967d38d3be57eab9e1b61602bd66{\nmargin-top:30px;\nmargin-bottom:30px;\n}\n.hr.av-m1tzb1gb-59f2967d38d3be57eab9e1b61602bd66 .hr-inner{\nwidth:400px;\nborder-color:#ffffff;\n}\n<\/style>\n<div  class='hr av-m1tzb1gb-59f2967d38d3be57eab9e1b61602bd66 hr-custom  avia-builder-el-3  el_after_av_textblock  el_before_av_textblock  hr-left hr-icon-no'><span class='hr-inner inner-border-av-border-thin'><span class=\"hr-inner-style\"><\/span><\/span><\/div><br \/>\n\n<style type=\"text\/css\" data-created_by=\"avia_inline_auto\" id=\"style-css-av-m1tzemmp-725c4d1246cdab95705163a4d5051bee\">\n#top .av_textblock_section.av-m1tzemmp-725c4d1246cdab95705163a4d5051bee .avia_textblock{\ncolor:#ffffff;\n}\n<\/style>\n<section  class='av_textblock_section av-m1tzemmp-725c4d1246cdab95705163a4d5051bee '   itemscope=\"itemscope\" itemtype=\"https:\/\/schema.org\/CreativeWork\" ><div class='avia_textblock hauteur av_inherit_color'  itemprop=\"text\" ><p>Principalement constitu\u00e9 d\u2019agents de la Direction g\u00e9n\u00e9rale de l\u2019Aviation Civile fran\u00e7aise ou d\u2019agents de l\u2019\u00c9cole Nationale de l\u2019Aviation Civile en activit\u00e9, le r\u00e9seau d\u2019experts de France Aviation Civile Services permet de couvrir tous les domaines de l\u2019aviation civile.<\/p>\n<p>Ce r\u00e9seau est fondamental, c\u2019est gr\u00e2ce \u00e0 cette collaboration que France Aviation Civile Services peut apporter une r\u00e9ponse adapt\u00e9e aux diff\u00e9rentes probl\u00e9matiques de ses clients. Depuis 10 ans, pr\u00e8s de 300 experts ont contribu\u00e9 \u00e0 la r\u00e9ussite des projets men\u00e9s par France Aviation Civile Services.<\/p>\n<\/div><\/section><\/p><\/div><\/div><\/div><\/main><!-- close content main element --><\/div><\/div><div id='after_section_1'  class='main_color av_default_container_wrap container_wrap sidebar_right'  ><div class='container av-section-cont-open' ><div class='template-page content  av-content-small alpha units'><div class='post-entry post-entry-type-page post-entry-5786'><div class='entry-content-wrapper clearfix'>\n<style type=\"text\/css\" data-created_by=\"avia_inline_auto\" id=\"style-css-av-m1u028z6-7cfa322de32277f38dd14ba19612cdeb\">\n.flex_column.av-m1u028z6-7cfa322de32277f38dd14ba19612cdeb{\nwidth:38.8%;\nborder-radius:0px 0px 0px 0px;\npadding:40px 40px 40px 40px;\n}\n<\/style>\n<div  class='flex_column av-m1u028z6-7cfa322de32277f38dd14ba19612cdeb av_two_fifth  avia-builder-el-5  el_after_av_section  el_before_av_three_fifth  avia-builder-el-first  first flex_column_div  '     ><style type=\"text\/css\" data-created_by=\"avia_inline_auto\" id=\"style-css-av-m1tzvxcx-edd8fcba49fefdee9aba16884727fc2f\">\n.avia-image-container.av-m1tzvxcx-edd8fcba49fefdee9aba16884727fc2f img.avia_image{\nbox-shadow:none;\n}\n.avia-image-container.av-m1tzvxcx-edd8fcba49fefdee9aba16884727fc2f .av-image-caption-overlay-center{\ncolor:#ffffff;\n}\n<\/style>\n<div  class='avia-image-container av-m1tzvxcx-edd8fcba49fefdee9aba16884727fc2f av-styling- avia-align-center  avia-builder-el-6  avia-builder-el-no-sibling '   itemprop=\"image\" itemscope=\"itemscope\" itemtype=\"https:\/\/schema.org\/ImageObject\" ><div class=\"avia-image-container-inner\"><div class=\"avia-image-overlay-wrap\"><img decoding=\"async\" fetchpriority=\"high\" class='wp-image-6644 avia-img-lazy-loading-not-6644 avia_image ' src=\"https:\/\/fracs.aero\/wp-content\/uploads\/2024\/10\/ID.jpg\" alt='' title='ID'  height=\"259\" width=\"600\"  itemprop=\"thumbnailUrl\" srcset=\"https:\/\/fracs.aero\/wp-content\/uploads\/2024\/10\/ID.jpg 600w, https:\/\/fracs.aero\/wp-content\/uploads\/2024\/10\/ID-300x130.jpg 300w\" sizes=\"(max-width: 600px) 100vw, 600px\" \/><\/div><\/div><\/div><\/div><\/p>\n\n<style type=\"text\/css\" data-created_by=\"avia_inline_auto\" id=\"style-css-av-m1tzuxwg-c122b9aa7bcdaa677e0d6694f1d5f232\">\n.flex_column.av-m1tzuxwg-c122b9aa7bcdaa677e0d6694f1d5f232{\nwidth:59.2%;\nmargin-left:2%;\nborder-radius:0px 0px 0px 0px;\npadding:40px 40px 40px 40px;\n}\n<\/style>\n<div  class='flex_column av-m1tzuxwg-c122b9aa7bcdaa677e0d6694f1d5f232 av_three_fifth  avia-builder-el-7  el_after_av_two_fifth  el_before_av_section  avia-builder-el-last  flex_column_div  '     ><section  class='av_textblock_section av-jlfhnxb1-3a4dd6d8b1fc997294c3029b57cbbad4 '   itemscope=\"itemscope\" itemtype=\"https:\/\/schema.org\/CreativeWork\" ><div class='avia_textblock'  itemprop=\"text\" ><h1>La formation Institut d\u2019Excellence<\/h1>\n<\/div><\/section><br \/>\n<section  class='av_textblock_section av-m1tzjybf-13e97c673635886df83df8d3bec2ee0f '   itemscope=\"itemscope\" itemtype=\"https:\/\/schema.org\/CreativeWork\" ><div class='avia_textblock hauteur av_inherit_color'  itemprop=\"text\" ><p>Soucieux de pr\u00e9parer au mieux nos collaborateurs aux diff\u00e9rents d\u00e9fis qui les attendent lors de leurs futures missions, France Aviation Civile Services propose chaque ann\u00e9e une formation au r\u00f4le de consultant \u00e0 l\u2019international, parrain\u00e9e par le top management de la Direction g\u00e9n\u00e9rale de l\u2019Aviation Civile.<\/p>\n<p>Cette formation articul\u00e9e autour de deux sessions compl\u00e9mentaires pr\u00e9sente notre entreprise et nos principales activit\u00e9s, propose des informations sur le contexte international et donne des cl\u00e9s autour de la gestion d\u2019un projet et du r\u00f4le de l\u2019expert. Enrichie par des cas pratiques autour des th\u00e9matiques abord\u00e9es et des retours d\u2019exp\u00e9rience d\u2019intervenants, la formation se termine par un travail de mise en situation en groupe.<\/p>\n<p>La formation enti\u00e8rement gratuite a lieu en pr\u00e9sentiel \u00e0 Toulouse en d\u00e9but d\u2019ann\u00e9e et avant l\u2019\u00e9t\u00e9 pour la seconde session.<\/p>\n<\/div><\/section><\/p><\/div>\n<\/div><\/div><\/div><!-- close content main div --><\/div><\/div>\n<style type=\"text\/css\" data-created_by=\"avia_inline_auto\" id=\"style-css-av-m1tzzyyo-f650074463c69efa409326facc2374e8\">\n.avia-section.av-m1tzzyyo-f650074463c69efa409326facc2374e8{\nbackground-color:#034ca0;\nbackground-image:unset;\n}\n<\/style>\n<div id='av_section_2'  class='avia-section av-m1tzzyyo-f650074463c69efa409326facc2374e8 main_color avia-section-default avia-no-border-styling  avia-builder-el-10  el_after_av_three_fifth  el_before_av_one_full  avia-bg-style-scroll container_wrap sidebar_right'  ><div class='container av-section-cont-open' ><div class='template-page content  av-content-small alpha units'><div class='post-entry post-entry-type-page post-entry-5786'><div class='entry-content-wrapper clearfix'>\n<section  class='av_textblock_section av-m1u00zqr-40f5908372877cd99e09dde4ce6735d8 '   itemscope=\"itemscope\" itemtype=\"https:\/\/schema.org\/CreativeWork\" ><div class='avia_textblock'  itemprop=\"text\" ><h3 style=\"text-align: center;\"><strong><span style=\"color: #ffffff;\">Vous souhaitez y participer? Envoyez votre CV \u00e0 <a style=\"color: #ffffff;\" href=\"mailto:melanie.roquefere@fracs.aero\">melanie.roquefere@fracs.aero<\/a><\/span><\/strong><\/h3>\n<\/div><\/section>\n<\/div><\/div><\/div><!-- close content main div --><\/div><\/div><div id='after_section_2'  class='main_color av_default_container_wrap container_wrap sidebar_right'  ><div class='container av-section-cont-open' ><div class='template-page content  av-content-small alpha units'><div class='post-entry post-entry-type-page post-entry-5786'><div class='entry-content-wrapper clearfix'>\n\n<style type=\"text\/css\" data-created_by=\"avia_inline_auto\" id=\"style-css-av-2jsqii-29ae656fceb567cee236209b1b926751\">\n.flex_column.av-2jsqii-29ae656fceb567cee236209b1b926751{\nborder-radius:0px 0px 0px 0px;\npadding:40px 40px 40px 40px;\n}\n<\/style>\n<div  class='flex_column av-2jsqii-29ae656fceb567cee236209b1b926751 av_one_full  avia-builder-el-12  el_after_av_section  avia-builder-el-no-sibling  first flex_column_div  '     ><section  class='av_textblock_section av-m1u0cexq-25c631046dbfd41148bcae9902f02b44 '   itemscope=\"itemscope\" itemtype=\"https:\/\/schema.org\/CreativeWork\" ><div class='avia_textblock'  itemprop=\"text\" ><h1>Rejoignez-nous!<\/h1>\n<\/div><\/section><br \/>\n<section  class='av_textblock_section av-m1u0dl1e-85d7d9a97b750433cf72774b876a7c1b '   itemscope=\"itemscope\" itemtype=\"https:\/\/schema.org\/CreativeWork\" ><div class='avia_textblock hauteur av_inherit_color'  itemprop=\"text\" ><p>Un vivier aliment\u00e9 par les profils de nos experts permet d\u2019organiser et de classer les comp\u00e9tences afin d\u2019apporter une expertise cibl\u00e9e sur tous nos projets.<\/p>\n<p>Vous souhaitez mettre vos comp\u00e9tences au service de projets en France et \u00e0 l\u2019international et rejoindre l\u2019aventure de France Aviation Civile Services?<\/p>\n<p>Envoyez votre CV \u00e0 <a href=\"mailto:melanie.roquefere@fracs.aero\">melanie.roquefere@fracs.aero<\/a><\/p>\n<\/div><\/section><\/p><\/div>\n","protected":false},"excerpt":{"rendered":"","protected":false},"author":1,"featured_media":0,"parent":0,"menu_order":0,"comment_status":"closed","ping_status":"closed","template":"","meta":{"cybocfi_hide_featured_image":"","footnotes":""},"class_list":["post-5786","page","type-page","status-publish","hentry"],"yoast_head":"<!-- This site is optimized with the Yoast SEO plugin v26.6 - https:\/\/yoast.com\/wordpress\/plugins\/seo\/ -->\n<title>France Aviation Civile Services - Bureau de conseil et d\u2019expertise de l\u2019aviation civile<\/title>\n<meta name=\"description\" content=\"France Aviation Civile Services est le bureau de conseil et d\u2019expertise de l\u2019aviation civile, fond\u00e9 par la DGAC et l\u2019\u00c9cole Nationale de l\u2019Aviation Civile (ENAC).\" \/>\n<meta name=\"robots\" content=\"index, follow, max-snippet:-1, max-image-preview:large, max-video-preview:-1\" \/>\n<link rel=\"canonical\" href=\"https:\/\/fracs.aero\/fr\/experts\/\" \/>\n<meta property=\"og:locale\" content=\"fr_FR\" \/>\n<meta property=\"og:type\" content=\"article\" \/>\n<meta property=\"og:title\" content=\"France Aviation Civile Services - Bureau de conseil et d\u2019expertise de l\u2019aviation civile\" \/>\n<meta property=\"og:description\" content=\"France Aviation Civile Services est le bureau de conseil et d\u2019expertise de l\u2019aviation civile, fond\u00e9 par la DGAC et l\u2019\u00c9cole Nationale de l\u2019Aviation Civile (ENAC).\" \/>\n<meta property=\"og:url\" content=\"https:\/\/fracs.aero\/fr\/experts\/\" \/>\n<meta property=\"og:site_name\" content=\"France Aviation Civile Services\" \/>\n<meta property=\"article:modified_time\" content=\"2024-10-06T21:17:12+00:00\" \/>\n<meta name=\"twitter:card\" content=\"summary_large_image\" \/>\n<meta name=\"twitter:site\" content=\"@fracsaero\" \/>\n<meta name=\"twitter:label1\" content=\"Dur\u00e9e de lecture estim\u00e9e\" \/>\n\t<meta name=\"twitter:data1\" content=\"2 minutes\" \/>\n<script type=\"application\/ld+json\" class=\"yoast-schema-graph\">{\"@context\":\"https:\/\/schema.org\",\"@graph\":[{\"@type\":\"WebPage\",\"@id\":\"https:\/\/fracs.aero\/fr\/experts\/\",\"url\":\"https:\/\/fracs.aero\/fr\/experts\/\",\"name\":\"France Aviation Civile Services - Bureau de conseil et d\u2019expertise de l\u2019aviation civile\",\"isPartOf\":{\"@id\":\"https:\/\/fracs.aero\/fr\/#website\"},\"datePublished\":\"2024-10-04T00:15:58+00:00\",\"dateModified\":\"2024-10-06T21:17:12+00:00\",\"description\":\"France Aviation Civile Services est le bureau de conseil et d\u2019expertise de l\u2019aviation civile, fond\u00e9 par la DGAC et l\u2019\u00c9cole Nationale de l\u2019Aviation Civile (ENAC).\",\"breadcrumb\":{\"@id\":\"https:\/\/fracs.aero\/fr\/experts\/#breadcrumb\"},\"inLanguage\":\"fr-FR\",\"potentialAction\":[{\"@type\":\"ReadAction\",\"target\":[\"https:\/\/fracs.aero\/fr\/experts\/\"]}]},{\"@type\":\"BreadcrumbList\",\"@id\":\"https:\/\/fracs.aero\/fr\/experts\/#breadcrumb\",\"itemListElement\":[{\"@type\":\"ListItem\",\"position\":1,\"name\":\"Home\",\"item\":\"https:\/\/fracs.aero\/fr\/\"},{\"@type\":\"ListItem\",\"position\":2,\"name\":\"Experts\"}]},{\"@type\":\"WebSite\",\"@id\":\"https:\/\/fracs.aero\/fr\/#website\",\"url\":\"https:\/\/fracs.aero\/fr\/\",\"name\":\"France Aviation Civile Services\",\"description\":\"France Aviation Civile Services\",\"publisher\":{\"@id\":\"https:\/\/fracs.aero\/fr\/#organization\"},\"potentialAction\":[{\"@type\":\"SearchAction\",\"target\":{\"@type\":\"EntryPoint\",\"urlTemplate\":\"https:\/\/fracs.aero\/fr\/?s={search_term_string}\"},\"query-input\":{\"@type\":\"PropertyValueSpecification\",\"valueRequired\":true,\"valueName\":\"search_term_string\"}}],\"inLanguage\":\"fr-FR\"},{\"@type\":\"Organization\",\"@id\":\"https:\/\/fracs.aero\/fr\/#organization\",\"name\":\"France Aviation Civile Services\",\"url\":\"https:\/\/fracs.aero\/fr\/\",\"logo\":{\"@type\":\"ImageObject\",\"inLanguage\":\"fr-FR\",\"@id\":\"https:\/\/fracs.aero\/fr\/#\/schema\/logo\/image\/\",\"url\":\"https:\/\/fracs.aero\/wp-content\/uploads\/2019\/08\/FRACS-for-web-1.png\",\"contentUrl\":\"https:\/\/fracs.aero\/wp-content\/uploads\/2019\/08\/FRACS-for-web-1.png\",\"width\":340,\"height\":156,\"caption\":\"France Aviation Civile Services\"},\"image\":{\"@id\":\"https:\/\/fracs.aero\/fr\/#\/schema\/logo\/image\/\"},\"sameAs\":[\"https:\/\/x.com\/fracsaero\",\"https:\/\/www.linkedin.com\/company\/fracs\/\"]}]}<\/script>\n<!-- \/ Yoast SEO plugin. -->","yoast_head_json":{"title":"France Aviation Civile Services - Bureau de conseil et d\u2019expertise de l\u2019aviation civile","description":"France Aviation Civile Services est le bureau de conseil et d\u2019expertise de l\u2019aviation civile, fond\u00e9 par la DGAC et l\u2019\u00c9cole Nationale de l\u2019Aviation Civile (ENAC).","robots":{"index":"index","follow":"follow","max-snippet":"max-snippet:-1","max-image-preview":"max-image-preview:large","max-video-preview":"max-video-preview:-1"},"canonical":"https:\/\/fracs.aero\/fr\/experts\/","og_locale":"fr_FR","og_type":"article","og_title":"France Aviation Civile Services - Bureau de conseil et d\u2019expertise de l\u2019aviation civile","og_description":"France Aviation Civile Services est le bureau de conseil et d\u2019expertise de l\u2019aviation civile, fond\u00e9 par la DGAC et l\u2019\u00c9cole Nationale de l\u2019Aviation Civile (ENAC).","og_url":"https:\/\/fracs.aero\/fr\/experts\/","og_site_name":"France Aviation Civile Services","article_modified_time":"2024-10-06T21:17:12+00:00","twitter_card":"summary_large_image","twitter_site":"@fracsaero","twitter_misc":{"Dur\u00e9e de lecture estim\u00e9e":"2 minutes"},"schema":{"@context":"https:\/\/schema.org","@graph":[{"@type":"WebPage","@id":"https:\/\/fracs.aero\/fr\/experts\/","url":"https:\/\/fracs.aero\/fr\/experts\/","name":"France Aviation Civile Services - Bureau de conseil et d\u2019expertise de l\u2019aviation civile","isPartOf":{"@id":"https:\/\/fracs.aero\/fr\/#website"},"datePublished":"2024-10-04T00:15:58+00:00","dateModified":"2024-10-06T21:17:12+00:00","description":"France Aviation Civile Services est le bureau de conseil et d\u2019expertise de l\u2019aviation civile, fond\u00e9 par la DGAC et l\u2019\u00c9cole Nationale de l\u2019Aviation Civile (ENAC).","breadcrumb":{"@id":"https:\/\/fracs.aero\/fr\/experts\/#breadcrumb"},"inLanguage":"fr-FR","potentialAction":[{"@type":"ReadAction","target":["https:\/\/fracs.aero\/fr\/experts\/"]}]},{"@type":"BreadcrumbList","@id":"https:\/\/fracs.aero\/fr\/experts\/#breadcrumb","itemListElement":[{"@type":"ListItem","position":1,"name":"Home","item":"https:\/\/fracs.aero\/fr\/"},{"@type":"ListItem","position":2,"name":"Experts"}]},{"@type":"WebSite","@id":"https:\/\/fracs.aero\/fr\/#website","url":"https:\/\/fracs.aero\/fr\/","name":"France Aviation Civile Services","description":"France Aviation Civile Services","publisher":{"@id":"https:\/\/fracs.aero\/fr\/#organization"},"potentialAction":[{"@type":"SearchAction","target":{"@type":"EntryPoint","urlTemplate":"https:\/\/fracs.aero\/fr\/?s={search_term_string}"},"query-input":{"@type":"PropertyValueSpecification","valueRequired":true,"valueName":"search_term_string"}}],"inLanguage":"fr-FR"},{"@type":"Organization","@id":"https:\/\/fracs.aero\/fr\/#organization","name":"France Aviation Civile Services","url":"https:\/\/fracs.aero\/fr\/","logo":{"@type":"ImageObject","inLanguage":"fr-FR","@id":"https:\/\/fracs.aero\/fr\/#\/schema\/logo\/image\/","url":"https:\/\/fracs.aero\/wp-content\/uploads\/2019\/08\/FRACS-for-web-1.png","contentUrl":"https:\/\/fracs.aero\/wp-content\/uploads\/2019\/08\/FRACS-for-web-1.png","width":340,"height":156,"caption":"France Aviation Civile Services"},"image":{"@id":"https:\/\/fracs.aero\/fr\/#\/schema\/logo\/image\/"},"sameAs":["https:\/\/x.com\/fracsaero","https:\/\/www.linkedin.com\/company\/fracs\/"]}]}},"_links":{"self":[{"href":"https:\/\/fracs.aero\/fr\/wp-json\/wp\/v2\/pages\/5786","targetHints":{"allow":["GET"]}}],"collection":[{"href":"https:\/\/fracs.aero\/fr\/wp-json\/wp\/v2\/pages"}],"about":[{"href":"https:\/\/fracs.aero\/fr\/wp-json\/wp\/v2\/types\/page"}],"author":[{"embeddable":true,"href":"https:\/\/fracs.aero\/fr\/wp-json\/wp\/v2\/users\/1"}],"replies":[{"embeddable":true,"href":"https:\/\/fracs.aero\/fr\/wp-json\/wp\/v2\/comments?post=5786"}],"version-history":[{"count":33,"href":"https:\/\/fracs.aero\/fr\/wp-json\/wp\/v2\/pages\/5786\/revisions"}],"predecessor-version":[{"id":6849,"href":"https:\/\/fracs.aero\/fr\/wp-json\/wp\/v2\/pages\/5786\/revisions\/6849"}],"wp:attachment":[{"href":"https:\/\/fracs.aero\/fr\/wp-json\/wp\/v2\/media?parent=5786"}],"curies":[{"name":"wp","href":"https:\/\/api.w.org\/{rel}","templated":true}]}}