{"id":6585,"date":"2024-10-03T21:57:11","date_gmt":"2024-10-03T19:57:11","guid":{"rendered":"https:\/\/fracs.aero\/elodie-de-cazenove\/"},"modified":"2026-01-26T16:15:26","modified_gmt":"2026-01-26T14:15:26","slug":"yolaine-michel","status":"publish","type":"page","link":"https:\/\/fracs.aero\/fr\/yolaine-michel\/","title":{"rendered":"Yolaine MICHEL"},"content":{"rendered":"<div  class='flex_column av-m1au8i1a-a1bd8e8144bddcfe2901d9b810ec0f8b av_one_fourth  avia-builder-el-0  el_before_av_three_fourth  avia-builder-el-first  first flex_column_div  '     ><section  class='avia-team-member av-m1audvv7-123bf882ee2c3dee403dc82ad6b43635  avia-builder-el-1  avia-builder-el-no-sibling '  itemscope=\"itemscope\" itemtype=\"https:\/\/schema.org\/Person\" ><div class=\"team-img-container\"><img decoding=\"async\" fetchpriority=\"high\" class='wp-image-7461 avia-img-lazy-loading-not-7461 avia_image avia_image_team' src=\"https:\/\/fracs.aero\/wp-content\/uploads\/2026\/01\/yolaine.jpg\" alt=''  itemprop=\"image\"   height=\"400\" width=\"400\" srcset=\"https:\/\/fracs.aero\/wp-content\/uploads\/2026\/01\/yolaine.jpg 400w, https:\/\/fracs.aero\/wp-content\/uploads\/2026\/01\/yolaine-300x300.jpg 300w, https:\/\/fracs.aero\/wp-content\/uploads\/2026\/01\/yolaine-80x80.jpg 80w, https:\/\/fracs.aero\/wp-content\/uploads\/2026\/01\/yolaine-36x36.jpg 36w, https:\/\/fracs.aero\/wp-content\/uploads\/2026\/01\/yolaine-180x180.jpg 180w\" sizes=\"(max-width: 400px) 100vw, 400px\" \/><div class=\"team-social\"><div class=\"team-social-inner\"><span class='hidden av_member_url_markup '  itemprop=\"url\" >mailto:<\/span><a href='mailto:' class='avia-team-icon av-m1aucl15-55dd8440d5f08620dc16312633de59ed avia-iconfont avia-font-entypo-fontello' rel='v:url' data-avia-tooltip=\"Courriel\"  data-av_icon='\ue8b7' data-av_iconfont='entypo-fontello' ><\/a><span class='hidden av_member_url_markup linkedin'  itemprop=\"url\" >https:\/\/www.linkedin.com\/in\/yolaine-michel-85237a230\/<\/span><a href='https:\/\/www.linkedin.com\/in\/yolaine-michel-85237a230\/' class='avia-team-icon av-m1audswf-fb1838e55d3d70f3b4b43746d0961eaa linkedin avia-iconfont avia-font-entypo-fontello' rel='v:url' data-avia-tooltip=\"LinkedIn\" target='_blank' data-av_icon='\ue8fc' data-av_iconfont='entypo-fontello' ><\/a><\/div><\/div><\/div><span class='hidden team-member-affiliation'  itemprop=\"affiliation\" >France Aviation Civile Services<\/span><\/section><\/div>\n<div  class='flex_column av-2bjgxg-14e93ef0f512a07304f9a36baf166017 av_three_fourth  avia-builder-el-2  el_after_av_one_fourth  avia-builder-el-last  flex_column_div  '     ><section  class='av_textblock_section av-m1au6246-35c95d1d1921da3e11c792d2213881f2 '   itemscope=\"itemscope\" itemtype=\"https:\/\/schema.org\/CreativeWork\" ><div class='avia_textblock'  itemprop=\"text\" ><h3 class=\"team-member-name \"><span data-olk-copy-source=\"MessageBody\">Yolaine MICHEL<\/span><\/h3>\n<h4><span lang=\"FR\" data-olk-copy-source=\"MessageBody\"><span data-olk-copy-source=\"MessageBody\">Coordinatrice projets et Experts<\/span><\/span><\/h4>\n<p><span lang=\"FR\" data-olk-copy-source=\"MessageBody\">Form\u00e9e \u00e0 l\u2019ENAC, Yolaine a exerc\u00e9 pendant 20 ans le m\u00e9tier de contr\u00f4leur a\u00e9rien au sein de la Marine nationale. Elle y a occup\u00e9 diff\u00e9rents postes, aussi bien dans l\u2019encadrement que dans la formation initiale des contr\u00f4leurs a\u00e9riens de la D\u00e9fense \u00e0 l\u2019ENAC. En janvier 2026, elle a rejoint\u00a0<span class=\"marktnk9q417y\" data-markjs=\"true\" data-ogac=\"\" data-ogab=\"\" data-ogsc=\"\" data-ogsb=\"\">FRACS<\/span>, o\u00f9 elle coordonne\u00a0les activit\u00e9s de veille, de qualit\u00e9 et de support li\u00e9es aux projets, ainsi que l\u2019animation du r\u00e9seau d\u2019experts. Elle a \u00e9galement la charge de l\u2019assistance et de l\u2019administration de l\u2019application METEOR, d\u00e9di\u00e9e au suivi des activit\u00e9s de surveillance.<\/span><\/p>\n<\/div><\/section><br \/>\n<div  class='avia-button-wrap av-m1augxhu-b1a0fd3b3067a10bf2b04410b3f1f608-wrap avia-button-right  avia-builder-el-4  el_after_av_textblock  avia-builder-el-last '><a href='https:\/\/fracs.aero\/fr\/notre-entreprise\/#team'  class='avia-button av-m1augxhu-b1a0fd3b3067a10bf2b04410b3f1f608 av-link-btn avia-icon_select-yes-left-icon avia-size-small avia-position-right av-icon-on-hover avia-color-theme-color'   aria-label=\"Retour \u00e0 Notre entreprise\"><span class='avia_button_icon avia_button_icon_left avia-iconfont avia-font-entypo-fontello' data-av_icon='\ue875' data-av_iconfont='entypo-fontello' ><\/span><span class='avia_iconbox_title' >Retour \u00e0 Notre entreprise<\/span><\/a><\/div><\/p><\/div>\n","protected":false},"excerpt":{"rendered":"","protected":false},"author":1,"featured_media":0,"parent":0,"menu_order":0,"comment_status":"closed","ping_status":"closed","template":"","meta":{"cybocfi_hide_featured_image":"","footnotes":""},"class_list":["post-6585","page","type-page","status-publish","hentry"],"yoast_head":"<!-- This site is optimized with the Yoast SEO plugin v26.6 - https:\/\/yoast.com\/wordpress\/plugins\/seo\/ -->\n<title>Yolaine MICHEL - France Aviation Civile Services<\/title>\n<meta name=\"robots\" content=\"index, follow, max-snippet:-1, max-image-preview:large, max-video-preview:-1\" \/>\n<link rel=\"canonical\" href=\"https:\/\/fracs.aero\/fr\/yolaine-michel\/\" \/>\n<meta property=\"og:locale\" content=\"fr_FR\" \/>\n<meta property=\"og:type\" content=\"article\" \/>\n<meta property=\"og:title\" content=\"Yolaine MICHEL - France Aviation Civile Services\" \/>\n<meta property=\"og:url\" content=\"https:\/\/fracs.aero\/fr\/yolaine-michel\/\" \/>\n<meta property=\"og:site_name\" content=\"France Aviation Civile Services\" \/>\n<meta property=\"article:modified_time\" content=\"2026-01-26T14:15:26+00:00\" \/>\n<meta name=\"twitter:card\" content=\"summary_large_image\" \/>\n<meta name=\"twitter:site\" content=\"@fracsaero\" \/>\n<meta name=\"twitter:label1\" content=\"Dur\u00e9e de lecture estim\u00e9e\" \/>\n\t<meta name=\"twitter:data1\" content=\"1 minute\" \/>\n<script type=\"application\/ld+json\" class=\"yoast-schema-graph\">{\"@context\":\"https:\/\/schema.org\",\"@graph\":[{\"@type\":\"WebPage\",\"@id\":\"https:\/\/fracs.aero\/fr\/yolaine-michel\/\",\"url\":\"https:\/\/fracs.aero\/fr\/yolaine-michel\/\",\"name\":\"Yolaine MICHEL - France Aviation Civile Services\",\"isPartOf\":{\"@id\":\"https:\/\/fracs.aero\/fr\/#website\"},\"datePublished\":\"2024-10-03T19:57:11+00:00\",\"dateModified\":\"2026-01-26T14:15:26+00:00\",\"breadcrumb\":{\"@id\":\"https:\/\/fracs.aero\/fr\/yolaine-michel\/#breadcrumb\"},\"inLanguage\":\"fr-FR\",\"potentialAction\":[{\"@type\":\"ReadAction\",\"target\":[\"https:\/\/fracs.aero\/fr\/yolaine-michel\/\"]}]},{\"@type\":\"BreadcrumbList\",\"@id\":\"https:\/\/fracs.aero\/fr\/yolaine-michel\/#breadcrumb\",\"itemListElement\":[{\"@type\":\"ListItem\",\"position\":1,\"name\":\"Home\",\"item\":\"https:\/\/fracs.aero\/fr\/\"},{\"@type\":\"ListItem\",\"position\":2,\"name\":\"Yolaine MICHEL\"}]},{\"@type\":\"WebSite\",\"@id\":\"https:\/\/fracs.aero\/fr\/#website\",\"url\":\"https:\/\/fracs.aero\/fr\/\",\"name\":\"France Aviation Civile Services\",\"description\":\"France Aviation Civile Services\",\"publisher\":{\"@id\":\"https:\/\/fracs.aero\/fr\/#organization\"},\"potentialAction\":[{\"@type\":\"SearchAction\",\"target\":{\"@type\":\"EntryPoint\",\"urlTemplate\":\"https:\/\/fracs.aero\/fr\/?s={search_term_string}\"},\"query-input\":{\"@type\":\"PropertyValueSpecification\",\"valueRequired\":true,\"valueName\":\"search_term_string\"}}],\"inLanguage\":\"fr-FR\"},{\"@type\":\"Organization\",\"@id\":\"https:\/\/fracs.aero\/fr\/#organization\",\"name\":\"France Aviation Civile Services\",\"url\":\"https:\/\/fracs.aero\/fr\/\",\"logo\":{\"@type\":\"ImageObject\",\"inLanguage\":\"fr-FR\",\"@id\":\"https:\/\/fracs.aero\/fr\/#\/schema\/logo\/image\/\",\"url\":\"https:\/\/fracs.aero\/wp-content\/uploads\/2019\/08\/FRACS-for-web-1.png\",\"contentUrl\":\"https:\/\/fracs.aero\/wp-content\/uploads\/2019\/08\/FRACS-for-web-1.png\",\"width\":340,\"height\":156,\"caption\":\"France Aviation Civile Services\"},\"image\":{\"@id\":\"https:\/\/fracs.aero\/fr\/#\/schema\/logo\/image\/\"},\"sameAs\":[\"https:\/\/x.com\/fracsaero\",\"https:\/\/www.linkedin.com\/company\/fracs\/\"]}]}<\/script>\n<!-- \/ Yoast SEO plugin. -->","yoast_head_json":{"title":"Yolaine MICHEL - France Aviation Civile Services","robots":{"index":"index","follow":"follow","max-snippet":"max-snippet:-1","max-image-preview":"max-image-preview:large","max-video-preview":"max-video-preview:-1"},"canonical":"https:\/\/fracs.aero\/fr\/yolaine-michel\/","og_locale":"fr_FR","og_type":"article","og_title":"Yolaine MICHEL - France Aviation Civile Services","og_url":"https:\/\/fracs.aero\/fr\/yolaine-michel\/","og_site_name":"France Aviation Civile Services","article_modified_time":"2026-01-26T14:15:26+00:00","twitter_card":"summary_large_image","twitter_site":"@fracsaero","twitter_misc":{"Dur\u00e9e de lecture estim\u00e9e":"1 minute"},"schema":{"@context":"https:\/\/schema.org","@graph":[{"@type":"WebPage","@id":"https:\/\/fracs.aero\/fr\/yolaine-michel\/","url":"https:\/\/fracs.aero\/fr\/yolaine-michel\/","name":"Yolaine MICHEL - France Aviation Civile Services","isPartOf":{"@id":"https:\/\/fracs.aero\/fr\/#website"},"datePublished":"2024-10-03T19:57:11+00:00","dateModified":"2026-01-26T14:15:26+00:00","breadcrumb":{"@id":"https:\/\/fracs.aero\/fr\/yolaine-michel\/#breadcrumb"},"inLanguage":"fr-FR","potentialAction":[{"@type":"ReadAction","target":["https:\/\/fracs.aero\/fr\/yolaine-michel\/"]}]},{"@type":"BreadcrumbList","@id":"https:\/\/fracs.aero\/fr\/yolaine-michel\/#breadcrumb","itemListElement":[{"@type":"ListItem","position":1,"name":"Home","item":"https:\/\/fracs.aero\/fr\/"},{"@type":"ListItem","position":2,"name":"Yolaine MICHEL"}]},{"@type":"WebSite","@id":"https:\/\/fracs.aero\/fr\/#website","url":"https:\/\/fracs.aero\/fr\/","name":"France Aviation Civile Services","description":"France Aviation Civile Services","publisher":{"@id":"https:\/\/fracs.aero\/fr\/#organization"},"potentialAction":[{"@type":"SearchAction","target":{"@type":"EntryPoint","urlTemplate":"https:\/\/fracs.aero\/fr\/?s={search_term_string}"},"query-input":{"@type":"PropertyValueSpecification","valueRequired":true,"valueName":"search_term_string"}}],"inLanguage":"fr-FR"},{"@type":"Organization","@id":"https:\/\/fracs.aero\/fr\/#organization","name":"France Aviation Civile Services","url":"https:\/\/fracs.aero\/fr\/","logo":{"@type":"ImageObject","inLanguage":"fr-FR","@id":"https:\/\/fracs.aero\/fr\/#\/schema\/logo\/image\/","url":"https:\/\/fracs.aero\/wp-content\/uploads\/2019\/08\/FRACS-for-web-1.png","contentUrl":"https:\/\/fracs.aero\/wp-content\/uploads\/2019\/08\/FRACS-for-web-1.png","width":340,"height":156,"caption":"France Aviation Civile Services"},"image":{"@id":"https:\/\/fracs.aero\/fr\/#\/schema\/logo\/image\/"},"sameAs":["https:\/\/x.com\/fracsaero","https:\/\/www.linkedin.com\/company\/fracs\/"]}]}},"_links":{"self":[{"href":"https:\/\/fracs.aero\/fr\/wp-json\/wp\/v2\/pages\/6585","targetHints":{"allow":["GET"]}}],"collection":[{"href":"https:\/\/fracs.aero\/fr\/wp-json\/wp\/v2\/pages"}],"about":[{"href":"https:\/\/fracs.aero\/fr\/wp-json\/wp\/v2\/types\/page"}],"author":[{"embeddable":true,"href":"https:\/\/fracs.aero\/fr\/wp-json\/wp\/v2\/users\/1"}],"replies":[{"embeddable":true,"href":"https:\/\/fracs.aero\/fr\/wp-json\/wp\/v2\/comments?post=6585"}],"version-history":[{"count":29,"href":"https:\/\/fracs.aero\/fr\/wp-json\/wp\/v2\/pages\/6585\/revisions"}],"predecessor-version":[{"id":7550,"href":"https:\/\/fracs.aero\/fr\/wp-json\/wp\/v2\/pages\/6585\/revisions\/7550"}],"wp:attachment":[{"href":"https:\/\/fracs.aero\/fr\/wp-json\/wp\/v2\/media?parent=6585"}],"curies":[{"name":"wp","href":"https:\/\/api.w.org\/{rel}","templated":true}]}}