{"id":6597,"date":"2024-10-03T22:01:41","date_gmt":"2024-10-03T20:01:41","guid":{"rendered":"https:\/\/fracs.aero\/marie-jail\/"},"modified":"2024-10-04T15:57:24","modified_gmt":"2024-10-04T13:57:24","slug":"marie-jail","status":"publish","type":"page","link":"https:\/\/fracs.aero\/fr\/marie-jail\/","title":{"rendered":"Marie JAIL"},"content":{"rendered":"<div  class='flex_column av-m1au8i1a-a1bd8e8144bddcfe2901d9b810ec0f8b av_one_fourth  avia-builder-el-0  el_before_av_three_fourth  avia-builder-el-first  first flex_column_div  '     ><section  class='avia-team-member av-m1audvv7-57c516592fab9fe64ed2738e2db788f1  avia-builder-el-1  avia-builder-el-no-sibling '  itemscope=\"itemscope\" itemtype=\"https:\/\/schema.org\/Person\" ><div class=\"team-img-container\"><img decoding=\"async\" fetchpriority=\"high\" class='wp-image-5538 avia-img-lazy-loading-not-5538 avia_image avia_image_team' src=\"https:\/\/fracs.aero\/wp-content\/uploads\/2023\/10\/Marie-Jail_web.jpg\" alt=''  itemprop=\"image\"   height=\"1000\" width=\"1000\" srcset=\"https:\/\/fracs.aero\/wp-content\/uploads\/2023\/10\/Marie-Jail_web.jpg 1000w, https:\/\/fracs.aero\/wp-content\/uploads\/2023\/10\/Marie-Jail_web-300x300.jpg 300w, https:\/\/fracs.aero\/wp-content\/uploads\/2023\/10\/Marie-Jail_web-80x80.jpg 80w, https:\/\/fracs.aero\/wp-content\/uploads\/2023\/10\/Marie-Jail_web-768x768.jpg 768w, https:\/\/fracs.aero\/wp-content\/uploads\/2023\/10\/Marie-Jail_web-36x36.jpg 36w, https:\/\/fracs.aero\/wp-content\/uploads\/2023\/10\/Marie-Jail_web-180x180.jpg 180w, https:\/\/fracs.aero\/wp-content\/uploads\/2023\/10\/Marie-Jail_web-705x705.jpg 705w\" sizes=\"(max-width: 1000px) 100vw, 1000px\" \/><div class=\"team-social\"><div class=\"team-social-inner\"><span class='hidden av_member_url_markup '  itemprop=\"email\" >mailto:marie.jail@fracs.aero<\/span><a href='mailto:marie.jail@fracs.aero' class='avia-team-icon av-m1aucl15-5dc6d61aba71bba08069a8d0332ee29e avia-iconfont avia-font-entypo-fontello' rel='v:url' data-avia-tooltip=\"Courriel\"  data-av_icon='\ue8b7' data-av_iconfont='entypo-fontello' ><\/a><span class='hidden av_member_url_markup linkedin'  itemprop=\"url\" >https:\/\/www.linkedin.com\/in\/jail-marie-b928075\/<\/span><a href='https:\/\/www.linkedin.com\/in\/jail-marie-b928075\/' class='avia-team-icon av-m1audswf-3fd9946dd7a9f199285c4d5034c2c5e9 linkedin avia-iconfont avia-font-entypo-fontello' rel='v:url' data-avia-tooltip=\"LinkedIn\" target='_blank' data-av_icon='\ue8fc' data-av_iconfont='entypo-fontello' ><\/a><\/div><\/div><\/div><span class='hidden team-member-affiliation'  itemprop=\"affiliation\" >France Aviation Civile Services<\/span><\/section><\/div>\n<div  class='flex_column av-2bjgxg-14e93ef0f512a07304f9a36baf166017 av_three_fourth  avia-builder-el-2  el_after_av_one_fourth  avia-builder-el-last  flex_column_div  '     ><section  class='av_textblock_section av-m1au6246-a9ad4f65fc33abe884d565abfc84203d '   itemscope=\"itemscope\" itemtype=\"https:\/\/schema.org\/CreativeWork\" ><div class='avia_textblock'  itemprop=\"text\" ><h3 class=\"team-member-name \">Marie JAIL<\/h3>\n<h4>Responsable projets<\/h4>\n<p>Marie est responsable projets. Dipl\u00f4m\u00e9e de l\u2018ENAC, Marie a travaill\u00e9 pendant 12 ans dans l\u2019industrie a\u00e9roportuaire, en charge de missions op\u00e9rationnelles et strat\u00e9giques (optimisation des op\u00e9rations au sol, exp\u00e9rience passagers, \u00e9tudes sur les futures capacit\u00e9s a\u00e9roportuaires, business plan pour les compagnies a\u00e9riennes&#8230;). Toujours \u00e0 l\u2019\u00e9coute des besoins des clients, elle a r\u00e9cemment rejoint FRACS en tant que responsable projets et elle est en <span data-olk-copy-source=\"MessageBody\">en charge des zones Europe, Asie centrale et Pacifique<\/span> notamment ainsi que des services AFIS et Calibration PAPI par drone.<\/p>\n<\/div><\/section><br \/>\n<div  class='avia-button-wrap av-m1augxhu-b1a0fd3b3067a10bf2b04410b3f1f608-wrap avia-button-right  avia-builder-el-4  el_after_av_textblock  avia-builder-el-last '><a href='https:\/\/fracs.aero\/fr\/notre-entreprise\/#team'  class='avia-button av-m1augxhu-b1a0fd3b3067a10bf2b04410b3f1f608 av-link-btn avia-icon_select-yes-left-icon avia-size-small avia-position-right av-icon-on-hover avia-color-theme-color'   aria-label=\"Retour \u00e0 Notre entreprise\"><span class='avia_button_icon avia_button_icon_left avia-iconfont avia-font-entypo-fontello' data-av_icon='\ue875' data-av_iconfont='entypo-fontello' ><\/span><span class='avia_iconbox_title' >Retour \u00e0 Notre entreprise<\/span><\/a><\/div><\/p><\/div>\n","protected":false},"excerpt":{"rendered":"","protected":false},"author":1,"featured_media":0,"parent":0,"menu_order":0,"comment_status":"closed","ping_status":"closed","template":"","meta":{"cybocfi_hide_featured_image":"","footnotes":""},"class_list":["post-6597","page","type-page","status-publish","hentry"],"yoast_head":"<!-- This site is optimized with the Yoast SEO plugin v26.6 - https:\/\/yoast.com\/wordpress\/plugins\/seo\/ -->\n<title>Marie JAIL - France Aviation Civile Services<\/title>\n<meta name=\"robots\" content=\"index, follow, max-snippet:-1, max-image-preview:large, max-video-preview:-1\" \/>\n<link rel=\"canonical\" href=\"https:\/\/fracs.aero\/fr\/marie-jail\/\" \/>\n<meta property=\"og:locale\" content=\"fr_FR\" \/>\n<meta property=\"og:type\" content=\"article\" \/>\n<meta property=\"og:title\" content=\"Marie JAIL - France Aviation Civile Services\" \/>\n<meta property=\"og:url\" content=\"https:\/\/fracs.aero\/fr\/marie-jail\/\" \/>\n<meta property=\"og:site_name\" content=\"France Aviation Civile Services\" \/>\n<meta property=\"article:modified_time\" content=\"2024-10-04T13:57:24+00:00\" \/>\n<meta name=\"twitter:card\" content=\"summary_large_image\" \/>\n<meta name=\"twitter:site\" content=\"@fracsaero\" \/>\n<meta name=\"twitter:label1\" content=\"Dur\u00e9e de lecture estim\u00e9e\" \/>\n\t<meta name=\"twitter:data1\" content=\"1 minute\" \/>\n<script type=\"application\/ld+json\" class=\"yoast-schema-graph\">{\"@context\":\"https:\/\/schema.org\",\"@graph\":[{\"@type\":\"WebPage\",\"@id\":\"https:\/\/fracs.aero\/fr\/marie-jail\/\",\"url\":\"https:\/\/fracs.aero\/fr\/marie-jail\/\",\"name\":\"Marie JAIL - France Aviation Civile Services\",\"isPartOf\":{\"@id\":\"https:\/\/fracs.aero\/fr\/#website\"},\"datePublished\":\"2024-10-03T20:01:41+00:00\",\"dateModified\":\"2024-10-04T13:57:24+00:00\",\"breadcrumb\":{\"@id\":\"https:\/\/fracs.aero\/fr\/marie-jail\/#breadcrumb\"},\"inLanguage\":\"fr-FR\",\"potentialAction\":[{\"@type\":\"ReadAction\",\"target\":[\"https:\/\/fracs.aero\/fr\/marie-jail\/\"]}]},{\"@type\":\"BreadcrumbList\",\"@id\":\"https:\/\/fracs.aero\/fr\/marie-jail\/#breadcrumb\",\"itemListElement\":[{\"@type\":\"ListItem\",\"position\":1,\"name\":\"Home\",\"item\":\"https:\/\/fracs.aero\/fr\/\"},{\"@type\":\"ListItem\",\"position\":2,\"name\":\"Marie JAIL\"}]},{\"@type\":\"WebSite\",\"@id\":\"https:\/\/fracs.aero\/fr\/#website\",\"url\":\"https:\/\/fracs.aero\/fr\/\",\"name\":\"France Aviation Civile Services\",\"description\":\"France Aviation Civile Services\",\"publisher\":{\"@id\":\"https:\/\/fracs.aero\/fr\/#organization\"},\"potentialAction\":[{\"@type\":\"SearchAction\",\"target\":{\"@type\":\"EntryPoint\",\"urlTemplate\":\"https:\/\/fracs.aero\/fr\/?s={search_term_string}\"},\"query-input\":{\"@type\":\"PropertyValueSpecification\",\"valueRequired\":true,\"valueName\":\"search_term_string\"}}],\"inLanguage\":\"fr-FR\"},{\"@type\":\"Organization\",\"@id\":\"https:\/\/fracs.aero\/fr\/#organization\",\"name\":\"France Aviation Civile Services\",\"url\":\"https:\/\/fracs.aero\/fr\/\",\"logo\":{\"@type\":\"ImageObject\",\"inLanguage\":\"fr-FR\",\"@id\":\"https:\/\/fracs.aero\/fr\/#\/schema\/logo\/image\/\",\"url\":\"https:\/\/fracs.aero\/wp-content\/uploads\/2019\/08\/FRACS-for-web-1.png\",\"contentUrl\":\"https:\/\/fracs.aero\/wp-content\/uploads\/2019\/08\/FRACS-for-web-1.png\",\"width\":340,\"height\":156,\"caption\":\"France Aviation Civile Services\"},\"image\":{\"@id\":\"https:\/\/fracs.aero\/fr\/#\/schema\/logo\/image\/\"},\"sameAs\":[\"https:\/\/x.com\/fracsaero\",\"https:\/\/www.linkedin.com\/company\/fracs\/\"]}]}<\/script>\n<!-- \/ Yoast SEO plugin. -->","yoast_head_json":{"title":"Marie JAIL - France Aviation Civile Services","robots":{"index":"index","follow":"follow","max-snippet":"max-snippet:-1","max-image-preview":"max-image-preview:large","max-video-preview":"max-video-preview:-1"},"canonical":"https:\/\/fracs.aero\/fr\/marie-jail\/","og_locale":"fr_FR","og_type":"article","og_title":"Marie JAIL - France Aviation Civile Services","og_url":"https:\/\/fracs.aero\/fr\/marie-jail\/","og_site_name":"France Aviation Civile Services","article_modified_time":"2024-10-04T13:57:24+00:00","twitter_card":"summary_large_image","twitter_site":"@fracsaero","twitter_misc":{"Dur\u00e9e de lecture estim\u00e9e":"1 minute"},"schema":{"@context":"https:\/\/schema.org","@graph":[{"@type":"WebPage","@id":"https:\/\/fracs.aero\/fr\/marie-jail\/","url":"https:\/\/fracs.aero\/fr\/marie-jail\/","name":"Marie JAIL - France Aviation Civile Services","isPartOf":{"@id":"https:\/\/fracs.aero\/fr\/#website"},"datePublished":"2024-10-03T20:01:41+00:00","dateModified":"2024-10-04T13:57:24+00:00","breadcrumb":{"@id":"https:\/\/fracs.aero\/fr\/marie-jail\/#breadcrumb"},"inLanguage":"fr-FR","potentialAction":[{"@type":"ReadAction","target":["https:\/\/fracs.aero\/fr\/marie-jail\/"]}]},{"@type":"BreadcrumbList","@id":"https:\/\/fracs.aero\/fr\/marie-jail\/#breadcrumb","itemListElement":[{"@type":"ListItem","position":1,"name":"Home","item":"https:\/\/fracs.aero\/fr\/"},{"@type":"ListItem","position":2,"name":"Marie JAIL"}]},{"@type":"WebSite","@id":"https:\/\/fracs.aero\/fr\/#website","url":"https:\/\/fracs.aero\/fr\/","name":"France Aviation Civile Services","description":"France Aviation Civile Services","publisher":{"@id":"https:\/\/fracs.aero\/fr\/#organization"},"potentialAction":[{"@type":"SearchAction","target":{"@type":"EntryPoint","urlTemplate":"https:\/\/fracs.aero\/fr\/?s={search_term_string}"},"query-input":{"@type":"PropertyValueSpecification","valueRequired":true,"valueName":"search_term_string"}}],"inLanguage":"fr-FR"},{"@type":"Organization","@id":"https:\/\/fracs.aero\/fr\/#organization","name":"France Aviation Civile Services","url":"https:\/\/fracs.aero\/fr\/","logo":{"@type":"ImageObject","inLanguage":"fr-FR","@id":"https:\/\/fracs.aero\/fr\/#\/schema\/logo\/image\/","url":"https:\/\/fracs.aero\/wp-content\/uploads\/2019\/08\/FRACS-for-web-1.png","contentUrl":"https:\/\/fracs.aero\/wp-content\/uploads\/2019\/08\/FRACS-for-web-1.png","width":340,"height":156,"caption":"France Aviation Civile Services"},"image":{"@id":"https:\/\/fracs.aero\/fr\/#\/schema\/logo\/image\/"},"sameAs":["https:\/\/x.com\/fracsaero","https:\/\/www.linkedin.com\/company\/fracs\/"]}]}},"_links":{"self":[{"href":"https:\/\/fracs.aero\/fr\/wp-json\/wp\/v2\/pages\/6597","targetHints":{"allow":["GET"]}}],"collection":[{"href":"https:\/\/fracs.aero\/fr\/wp-json\/wp\/v2\/pages"}],"about":[{"href":"https:\/\/fracs.aero\/fr\/wp-json\/wp\/v2\/types\/page"}],"author":[{"embeddable":true,"href":"https:\/\/fracs.aero\/fr\/wp-json\/wp\/v2\/users\/1"}],"replies":[{"embeddable":true,"href":"https:\/\/fracs.aero\/fr\/wp-json\/wp\/v2\/comments?post=6597"}],"version-history":[{"count":4,"href":"https:\/\/fracs.aero\/fr\/wp-json\/wp\/v2\/pages\/6597\/revisions"}],"predecessor-version":[{"id":6749,"href":"https:\/\/fracs.aero\/fr\/wp-json\/wp\/v2\/pages\/6597\/revisions\/6749"}],"wp:attachment":[{"href":"https:\/\/fracs.aero\/fr\/wp-json\/wp\/v2\/media?parent=6597"}],"curies":[{"name":"wp","href":"https:\/\/api.w.org\/{rel}","templated":true}]}}