{"id":6606,"date":"2024-10-03T22:08:01","date_gmt":"2024-10-03T20:08:01","guid":{"rendered":"https:\/\/fracs.aero\/morgan-simorre\/"},"modified":"2024-10-03T22:08:01","modified_gmt":"2024-10-03T20:08:01","slug":"morgan-simorre","status":"publish","type":"page","link":"https:\/\/fracs.aero\/fr\/morgan-simorre\/","title":{"rendered":"Morgan SIMORRE"},"content":{"rendered":"<div  class='flex_column av-m1au8i1a-a1bd8e8144bddcfe2901d9b810ec0f8b av_one_fourth  avia-builder-el-0  el_before_av_three_fourth  avia-builder-el-first  first flex_column_div  '     ><section  class='avia-team-member av-m1audvv7-865c4801fda3dde8a4ab652bbc7fcfcf  avia-builder-el-1  avia-builder-el-no-sibling '  itemscope=\"itemscope\" itemtype=\"https:\/\/schema.org\/Person\" ><div class=\"team-img-container\"><img decoding=\"async\" fetchpriority=\"high\" class='wp-image-5004 avia-img-lazy-loading-not-5004 avia_image avia_image_team' src=\"https:\/\/fracs.aero\/wp-content\/uploads\/2022\/05\/Morgan.jpg\" alt=''  itemprop=\"image\"   height=\"400\" width=\"400\" srcset=\"https:\/\/fracs.aero\/wp-content\/uploads\/2022\/05\/Morgan.jpg 400w, https:\/\/fracs.aero\/wp-content\/uploads\/2022\/05\/Morgan-300x300.jpg 300w, https:\/\/fracs.aero\/wp-content\/uploads\/2022\/05\/Morgan-80x80.jpg 80w, https:\/\/fracs.aero\/wp-content\/uploads\/2022\/05\/Morgan-36x36.jpg 36w, https:\/\/fracs.aero\/wp-content\/uploads\/2022\/05\/Morgan-180x180.jpg 180w\" sizes=\"(max-width: 400px) 100vw, 400px\" \/><div class=\"team-social\"><div class=\"team-social-inner\"><span class='hidden av_member_url_markup '  itemprop=\"email\" >mailto:morgan.simorre@fracs.aero<\/span><a href='mailto:morgan.simorre@fracs.aero' class='avia-team-icon av-m1aucl15-f91a84bc0b113b7b8ce867d15d78c36b avia-iconfont avia-font-entypo-fontello' rel='v:url' data-avia-tooltip=\"Courriel\"  data-av_icon='\ue8b7' data-av_iconfont='entypo-fontello' ><\/a><span class='hidden av_member_url_markup linkedin'  itemprop=\"url\" >https:\/\/www.linkedin.com\/in\/morgan-simorre-368510b2\/<\/span><a href='https:\/\/www.linkedin.com\/in\/morgan-simorre-368510b2\/' class='avia-team-icon av-m1audswf-dddfc4a7f6d6eb5fd4e9729aff1d0a00 linkedin avia-iconfont avia-font-entypo-fontello' rel='v:url' data-avia-tooltip=\"LinkedIn\" target='_blank' data-av_icon='\ue8fc' data-av_iconfont='entypo-fontello' ><\/a><\/div><\/div><\/div><span class='hidden team-member-affiliation'  itemprop=\"affiliation\" >France Aviation Civile Services<\/span><\/section><\/div><div  class='flex_column av-2bjgxg-14e93ef0f512a07304f9a36baf166017 av_three_fourth  avia-builder-el-2  el_after_av_one_fourth  avia-builder-el-last  flex_column_div  '     ><section  class='av_textblock_section av-m1au6246-a9ad4f65fc33abe884d565abfc84203d '   itemscope=\"itemscope\" itemtype=\"https:\/\/schema.org\/CreativeWork\" ><div class='avia_textblock'  itemprop=\"text\" ><h3 class=\"team-member-name \">Morgan SIMORRE<\/h3>\n<h4>Administrateur bases de donn\u00e9es<\/h4>\n<p>Dipl\u00f4m\u00e9 en Information Num\u00e9rique, Morgan est un professionnel de la recherche et du traitement d\u2019information. Apr\u00e8s avoir r\u00e9alis\u00e9 un projet de d\u00e9mat\u00e9rialisation pour AirFrance et un contrat \u00e0 la Mairie de Toulouse, il rejoint l\u2019\u00e9quipe de France Aviation Civile Services en Avril 2021. En tant que gestionnaire des bases de donn\u00e9es du transport a\u00e9rien, son r\u00f4le est de garantir la p\u00e9rennisation et le d\u00e9veloppement perp\u00e9tuel des donn\u00e9es r\u00e9colt\u00e9es pour certifier une information pertinente \u00e0 chaque demande.<\/p>\n<\/div><\/section><br \/>\n<div  class='avia-button-wrap av-m1augxhu-b1a0fd3b3067a10bf2b04410b3f1f608-wrap avia-button-right  avia-builder-el-4  el_after_av_textblock  avia-builder-el-last '><a href='https:\/\/fracs.aero\/fr\/notre-entreprise\/#team'  class='avia-button av-m1augxhu-b1a0fd3b3067a10bf2b04410b3f1f608 av-link-btn avia-icon_select-yes-left-icon avia-size-small avia-position-right av-icon-on-hover avia-color-theme-color'   aria-label=\"Retour \u00e0 Notre entreprise\"><span class='avia_button_icon avia_button_icon_left avia-iconfont avia-font-entypo-fontello' data-av_icon='\ue875' data-av_iconfont='entypo-fontello' ><\/span><span class='avia_iconbox_title' >Retour \u00e0 Notre entreprise<\/span><\/a><\/div><\/p><\/div><\/p>\n","protected":false},"excerpt":{"rendered":"","protected":false},"author":1,"featured_media":0,"parent":0,"menu_order":0,"comment_status":"closed","ping_status":"closed","template":"","meta":{"cybocfi_hide_featured_image":"","footnotes":""},"class_list":["post-6606","page","type-page","status-publish","hentry"],"yoast_head":"<!-- This site is optimized with the Yoast SEO plugin v26.6 - https:\/\/yoast.com\/wordpress\/plugins\/seo\/ -->\n<title>Morgan SIMORRE - France Aviation Civile Services<\/title>\n<meta name=\"robots\" content=\"index, follow, max-snippet:-1, max-image-preview:large, max-video-preview:-1\" \/>\n<link rel=\"canonical\" href=\"https:\/\/fracs.aero\/fr\/morgan-simorre\/\" \/>\n<meta property=\"og:locale\" content=\"fr_FR\" \/>\n<meta property=\"og:type\" content=\"article\" \/>\n<meta property=\"og:title\" content=\"Morgan SIMORRE - France Aviation Civile Services\" \/>\n<meta property=\"og:url\" content=\"https:\/\/fracs.aero\/fr\/morgan-simorre\/\" \/>\n<meta property=\"og:site_name\" content=\"France Aviation Civile Services\" \/>\n<meta name=\"twitter:card\" content=\"summary_large_image\" \/>\n<meta name=\"twitter:site\" content=\"@fracsaero\" \/>\n<meta name=\"twitter:label1\" content=\"Dur\u00e9e de lecture estim\u00e9e\" \/>\n\t<meta name=\"twitter:data1\" content=\"8 minutes\" \/>\n<script type=\"application\/ld+json\" class=\"yoast-schema-graph\">{\"@context\":\"https:\/\/schema.org\",\"@graph\":[{\"@type\":\"WebPage\",\"@id\":\"https:\/\/fracs.aero\/fr\/morgan-simorre\/\",\"url\":\"https:\/\/fracs.aero\/fr\/morgan-simorre\/\",\"name\":\"Morgan SIMORRE - France Aviation Civile Services\",\"isPartOf\":{\"@id\":\"https:\/\/fracs.aero\/fr\/#website\"},\"datePublished\":\"2024-10-03T20:08:01+00:00\",\"breadcrumb\":{\"@id\":\"https:\/\/fracs.aero\/fr\/morgan-simorre\/#breadcrumb\"},\"inLanguage\":\"fr-FR\",\"potentialAction\":[{\"@type\":\"ReadAction\",\"target\":[\"https:\/\/fracs.aero\/fr\/morgan-simorre\/\"]}]},{\"@type\":\"BreadcrumbList\",\"@id\":\"https:\/\/fracs.aero\/fr\/morgan-simorre\/#breadcrumb\",\"itemListElement\":[{\"@type\":\"ListItem\",\"position\":1,\"name\":\"Home\",\"item\":\"https:\/\/fracs.aero\/fr\/\"},{\"@type\":\"ListItem\",\"position\":2,\"name\":\"Morgan SIMORRE\"}]},{\"@type\":\"WebSite\",\"@id\":\"https:\/\/fracs.aero\/fr\/#website\",\"url\":\"https:\/\/fracs.aero\/fr\/\",\"name\":\"France Aviation Civile Services\",\"description\":\"France Aviation Civile Services\",\"publisher\":{\"@id\":\"https:\/\/fracs.aero\/fr\/#organization\"},\"potentialAction\":[{\"@type\":\"SearchAction\",\"target\":{\"@type\":\"EntryPoint\",\"urlTemplate\":\"https:\/\/fracs.aero\/fr\/?s={search_term_string}\"},\"query-input\":{\"@type\":\"PropertyValueSpecification\",\"valueRequired\":true,\"valueName\":\"search_term_string\"}}],\"inLanguage\":\"fr-FR\"},{\"@type\":\"Organization\",\"@id\":\"https:\/\/fracs.aero\/fr\/#organization\",\"name\":\"France Aviation Civile Services\",\"url\":\"https:\/\/fracs.aero\/fr\/\",\"logo\":{\"@type\":\"ImageObject\",\"inLanguage\":\"fr-FR\",\"@id\":\"https:\/\/fracs.aero\/fr\/#\/schema\/logo\/image\/\",\"url\":\"https:\/\/fracs.aero\/wp-content\/uploads\/2019\/08\/FRACS-for-web-1.png\",\"contentUrl\":\"https:\/\/fracs.aero\/wp-content\/uploads\/2019\/08\/FRACS-for-web-1.png\",\"width\":340,\"height\":156,\"caption\":\"France Aviation Civile Services\"},\"image\":{\"@id\":\"https:\/\/fracs.aero\/fr\/#\/schema\/logo\/image\/\"},\"sameAs\":[\"https:\/\/x.com\/fracsaero\",\"https:\/\/www.linkedin.com\/company\/fracs\/\"]}]}<\/script>\n<!-- \/ Yoast SEO plugin. -->","yoast_head_json":{"title":"Morgan SIMORRE - France Aviation Civile Services","robots":{"index":"index","follow":"follow","max-snippet":"max-snippet:-1","max-image-preview":"max-image-preview:large","max-video-preview":"max-video-preview:-1"},"canonical":"https:\/\/fracs.aero\/fr\/morgan-simorre\/","og_locale":"fr_FR","og_type":"article","og_title":"Morgan SIMORRE - France Aviation Civile Services","og_url":"https:\/\/fracs.aero\/fr\/morgan-simorre\/","og_site_name":"France Aviation Civile Services","twitter_card":"summary_large_image","twitter_site":"@fracsaero","twitter_misc":{"Dur\u00e9e de lecture estim\u00e9e":"8 minutes"},"schema":{"@context":"https:\/\/schema.org","@graph":[{"@type":"WebPage","@id":"https:\/\/fracs.aero\/fr\/morgan-simorre\/","url":"https:\/\/fracs.aero\/fr\/morgan-simorre\/","name":"Morgan SIMORRE - France Aviation Civile Services","isPartOf":{"@id":"https:\/\/fracs.aero\/fr\/#website"},"datePublished":"2024-10-03T20:08:01+00:00","breadcrumb":{"@id":"https:\/\/fracs.aero\/fr\/morgan-simorre\/#breadcrumb"},"inLanguage":"fr-FR","potentialAction":[{"@type":"ReadAction","target":["https:\/\/fracs.aero\/fr\/morgan-simorre\/"]}]},{"@type":"BreadcrumbList","@id":"https:\/\/fracs.aero\/fr\/morgan-simorre\/#breadcrumb","itemListElement":[{"@type":"ListItem","position":1,"name":"Home","item":"https:\/\/fracs.aero\/fr\/"},{"@type":"ListItem","position":2,"name":"Morgan SIMORRE"}]},{"@type":"WebSite","@id":"https:\/\/fracs.aero\/fr\/#website","url":"https:\/\/fracs.aero\/fr\/","name":"France Aviation Civile Services","description":"France Aviation Civile Services","publisher":{"@id":"https:\/\/fracs.aero\/fr\/#organization"},"potentialAction":[{"@type":"SearchAction","target":{"@type":"EntryPoint","urlTemplate":"https:\/\/fracs.aero\/fr\/?s={search_term_string}"},"query-input":{"@type":"PropertyValueSpecification","valueRequired":true,"valueName":"search_term_string"}}],"inLanguage":"fr-FR"},{"@type":"Organization","@id":"https:\/\/fracs.aero\/fr\/#organization","name":"France Aviation Civile Services","url":"https:\/\/fracs.aero\/fr\/","logo":{"@type":"ImageObject","inLanguage":"fr-FR","@id":"https:\/\/fracs.aero\/fr\/#\/schema\/logo\/image\/","url":"https:\/\/fracs.aero\/wp-content\/uploads\/2019\/08\/FRACS-for-web-1.png","contentUrl":"https:\/\/fracs.aero\/wp-content\/uploads\/2019\/08\/FRACS-for-web-1.png","width":340,"height":156,"caption":"France Aviation Civile Services"},"image":{"@id":"https:\/\/fracs.aero\/fr\/#\/schema\/logo\/image\/"},"sameAs":["https:\/\/x.com\/fracsaero","https:\/\/www.linkedin.com\/company\/fracs\/"]}]}},"_links":{"self":[{"href":"https:\/\/fracs.aero\/fr\/wp-json\/wp\/v2\/pages\/6606","targetHints":{"allow":["GET"]}}],"collection":[{"href":"https:\/\/fracs.aero\/fr\/wp-json\/wp\/v2\/pages"}],"about":[{"href":"https:\/\/fracs.aero\/fr\/wp-json\/wp\/v2\/types\/page"}],"author":[{"embeddable":true,"href":"https:\/\/fracs.aero\/fr\/wp-json\/wp\/v2\/users\/1"}],"replies":[{"embeddable":true,"href":"https:\/\/fracs.aero\/fr\/wp-json\/wp\/v2\/comments?post=6606"}],"version-history":[{"count":2,"href":"https:\/\/fracs.aero\/fr\/wp-json\/wp\/v2\/pages\/6606\/revisions"}],"predecessor-version":[{"id":6608,"href":"https:\/\/fracs.aero\/fr\/wp-json\/wp\/v2\/pages\/6606\/revisions\/6608"}],"wp:attachment":[{"href":"https:\/\/fracs.aero\/fr\/wp-json\/wp\/v2\/media?parent=6606"}],"curies":[{"name":"wp","href":"https:\/\/api.w.org\/{rel}","templated":true}]}}