{"id":6609,"date":"2024-10-03T22:09:23","date_gmt":"2024-10-03T20:09:23","guid":{"rendered":"https:\/\/fracs.aero\/theo-castex\/"},"modified":"2024-10-06T21:56:13","modified_gmt":"2024-10-06T19:56:13","slug":"theo-castex","status":"publish","type":"page","link":"https:\/\/fracs.aero\/fr\/theo-castex\/","title":{"rendered":"Th\u00e9o CASTEX"},"content":{"rendered":"<div  class='flex_column av-m1au8i1a-a1bd8e8144bddcfe2901d9b810ec0f8b av_one_fourth  avia-builder-el-0  el_before_av_three_fourth  avia-builder-el-first  first flex_column_div  '     ><section  class='avia-team-member av-m1audvv7-41b8cacd2218ff430e22e7e5d95f709b  avia-builder-el-1  avia-builder-el-no-sibling '  itemscope=\"itemscope\" itemtype=\"https:\/\/schema.org\/Person\" ><div class=\"team-img-container\"><img decoding=\"async\" fetchpriority=\"high\" class='wp-image-5006 avia-img-lazy-loading-not-5006 avia_image avia_image_team' src=\"https:\/\/fracs.aero\/wp-content\/uploads\/2022\/05\/theo.jpg\" alt=''  itemprop=\"image\"   height=\"400\" width=\"400\" srcset=\"https:\/\/fracs.aero\/wp-content\/uploads\/2022\/05\/theo.jpg 400w, https:\/\/fracs.aero\/wp-content\/uploads\/2022\/05\/theo-300x300.jpg 300w, https:\/\/fracs.aero\/wp-content\/uploads\/2022\/05\/theo-80x80.jpg 80w, https:\/\/fracs.aero\/wp-content\/uploads\/2022\/05\/theo-36x36.jpg 36w, https:\/\/fracs.aero\/wp-content\/uploads\/2022\/05\/theo-180x180.jpg 180w\" sizes=\"(max-width: 400px) 100vw, 400px\" \/><div class=\"team-social\"><div class=\"team-social-inner\"><span class='hidden av_member_url_markup '  itemprop=\"email\" >mailto:theo.castex@fracs.aero<\/span><a href='mailto:theo.castex@fracs.aero' class='avia-team-icon av-m1aucl15-e2e9e9bb6822344a674dc9b9e17680bc avia-iconfont avia-font-entypo-fontello' rel='v:url' data-avia-tooltip=\"Courriel\"  data-av_icon='\ue8b7' data-av_iconfont='entypo-fontello' ><\/a><span class='hidden av_member_url_markup linkedin'  itemprop=\"url\" >https:\/\/www.linkedin.com\/in\/th%C3%A9ocastex\/<\/span><a href='https:\/\/www.linkedin.com\/in\/th%C3%A9ocastex\/' class='avia-team-icon av-m1audswf-d0cc9e483942c4cc5f469b1356f04cd2 linkedin avia-iconfont avia-font-entypo-fontello' rel='v:url' data-avia-tooltip=\"LinkedIn\" target='_blank' data-av_icon='\ue8fc' data-av_iconfont='entypo-fontello' ><\/a><\/div><\/div><\/div><span class='hidden team-member-affiliation'  itemprop=\"affiliation\" >France Aviation Civile Services<\/span><\/section><\/div>\n<div  class='flex_column av-2bjgxg-14e93ef0f512a07304f9a36baf166017 av_three_fourth  avia-builder-el-2  el_after_av_one_fourth  avia-builder-el-last  flex_column_div  '     ><section  class='av_textblock_section av-m1au6246-a9ad4f65fc33abe884d565abfc84203d '   itemscope=\"itemscope\" itemtype=\"https:\/\/schema.org\/CreativeWork\" ><div class='avia_textblock'  itemprop=\"text\" ><h3>Th\u00e9o CASTEX<\/h3>\n<h4>Commercial ATD<\/h4>\n<p class=\"x_MsoListParagraph\">Th\u00e9o a int\u00e9gr\u00e9 FRACS en octobre 2021 dans le cadre d&rsquo;une alternance au sein d&rsquo;une \u00c9cole de Commerce, o\u00f9 il s&rsquo;est sp\u00e9cialis\u00e9 en commerce international. Aujourd&rsquo;hui, en tant que Charg\u00e9 d&rsquo;Affaires \u2013 International, il met son dynamisme et son ambition au service de nos clients.<\/p>\n<p class=\"x_MsoListParagraph\">Gr\u00e2ce \u00e0 ses 3 ans pass\u00e9s chez FRACS, Th\u00e9o a acquis une connaissance importante de l\u2019\u00e9cosyst\u00e8me du transport a\u00e9rien ce qui lui permet de vous accompagner dans tous vos projets.<\/p>\n<p class=\"x_MsoListParagraph\">Que vous ayez besoin de donn\u00e9es du trafic a\u00e9rien pr\u00e9cises ou que vous souhaitiez explorer des projets d&rsquo;\u00e9tudes approfondies sur le d\u00e9veloppement du transport a\u00e9rien, Th\u00e9o s&rsquo;engage \u00e0 comprendre vos besoins sp\u00e9cifiques et \u00e0 vous proposer des solutions qui vous correspondent.<\/p>\n<p class=\"x_MsoListParagraph\">Th\u00e9o est pr\u00eat \u00e0 relever vos d\u00e9fis pour assurer la r\u00e9ussite de vos projets\u00a0!<\/p>\n<\/div><\/section><br \/>\n<div  class='avia-button-wrap av-m1augxhu-b1a0fd3b3067a10bf2b04410b3f1f608-wrap avia-button-right  avia-builder-el-4  el_after_av_textblock  avia-builder-el-last '><a href='https:\/\/fracs.aero\/fr\/notre-entreprise\/#team'  class='avia-button av-m1augxhu-b1a0fd3b3067a10bf2b04410b3f1f608 av-link-btn avia-icon_select-yes-left-icon avia-size-small avia-position-right av-icon-on-hover avia-color-theme-color'   aria-label=\"Retour \u00e0 Notre entreprise\"><span class='avia_button_icon avia_button_icon_left avia-iconfont avia-font-entypo-fontello' data-av_icon='\ue875' data-av_iconfont='entypo-fontello' ><\/span><span class='avia_iconbox_title' >Retour \u00e0 Notre entreprise<\/span><\/a><\/div><\/p><\/div>\n","protected":false},"excerpt":{"rendered":"","protected":false},"author":1,"featured_media":0,"parent":0,"menu_order":0,"comment_status":"closed","ping_status":"closed","template":"","meta":{"cybocfi_hide_featured_image":"","footnotes":""},"class_list":["post-6609","page","type-page","status-publish","hentry"],"yoast_head":"<!-- This site is optimized with the Yoast SEO plugin v26.6 - https:\/\/yoast.com\/wordpress\/plugins\/seo\/ -->\n<title>Th\u00e9o CASTEX - France Aviation Civile Services<\/title>\n<meta name=\"robots\" content=\"index, follow, max-snippet:-1, max-image-preview:large, max-video-preview:-1\" \/>\n<link rel=\"canonical\" href=\"https:\/\/fracs.aero\/fr\/theo-castex\/\" \/>\n<meta property=\"og:locale\" content=\"fr_FR\" \/>\n<meta property=\"og:type\" content=\"article\" \/>\n<meta property=\"og:title\" content=\"Th\u00e9o CASTEX - France Aviation Civile Services\" \/>\n<meta property=\"og:url\" content=\"https:\/\/fracs.aero\/fr\/theo-castex\/\" \/>\n<meta property=\"og:site_name\" content=\"France Aviation Civile Services\" \/>\n<meta property=\"article:modified_time\" content=\"2024-10-06T19:56:13+00:00\" \/>\n<meta name=\"twitter:card\" content=\"summary_large_image\" \/>\n<meta name=\"twitter:site\" content=\"@fracsaero\" \/>\n<meta name=\"twitter:label1\" content=\"Dur\u00e9e de lecture estim\u00e9e\" \/>\n\t<meta name=\"twitter:data1\" content=\"9 minutes\" \/>\n<script type=\"application\/ld+json\" class=\"yoast-schema-graph\">{\"@context\":\"https:\/\/schema.org\",\"@graph\":[{\"@type\":\"WebPage\",\"@id\":\"https:\/\/fracs.aero\/fr\/theo-castex\/\",\"url\":\"https:\/\/fracs.aero\/fr\/theo-castex\/\",\"name\":\"Th\u00e9o CASTEX - France Aviation Civile Services\",\"isPartOf\":{\"@id\":\"https:\/\/fracs.aero\/fr\/#website\"},\"datePublished\":\"2024-10-03T20:09:23+00:00\",\"dateModified\":\"2024-10-06T19:56:13+00:00\",\"breadcrumb\":{\"@id\":\"https:\/\/fracs.aero\/fr\/theo-castex\/#breadcrumb\"},\"inLanguage\":\"fr-FR\",\"potentialAction\":[{\"@type\":\"ReadAction\",\"target\":[\"https:\/\/fracs.aero\/fr\/theo-castex\/\"]}]},{\"@type\":\"BreadcrumbList\",\"@id\":\"https:\/\/fracs.aero\/fr\/theo-castex\/#breadcrumb\",\"itemListElement\":[{\"@type\":\"ListItem\",\"position\":1,\"name\":\"Home\",\"item\":\"https:\/\/fracs.aero\/fr\/\"},{\"@type\":\"ListItem\",\"position\":2,\"name\":\"Th\u00e9o CASTEX\"}]},{\"@type\":\"WebSite\",\"@id\":\"https:\/\/fracs.aero\/fr\/#website\",\"url\":\"https:\/\/fracs.aero\/fr\/\",\"name\":\"France Aviation Civile Services\",\"description\":\"France Aviation Civile Services\",\"publisher\":{\"@id\":\"https:\/\/fracs.aero\/fr\/#organization\"},\"potentialAction\":[{\"@type\":\"SearchAction\",\"target\":{\"@type\":\"EntryPoint\",\"urlTemplate\":\"https:\/\/fracs.aero\/fr\/?s={search_term_string}\"},\"query-input\":{\"@type\":\"PropertyValueSpecification\",\"valueRequired\":true,\"valueName\":\"search_term_string\"}}],\"inLanguage\":\"fr-FR\"},{\"@type\":\"Organization\",\"@id\":\"https:\/\/fracs.aero\/fr\/#organization\",\"name\":\"France Aviation Civile Services\",\"url\":\"https:\/\/fracs.aero\/fr\/\",\"logo\":{\"@type\":\"ImageObject\",\"inLanguage\":\"fr-FR\",\"@id\":\"https:\/\/fracs.aero\/fr\/#\/schema\/logo\/image\/\",\"url\":\"https:\/\/fracs.aero\/wp-content\/uploads\/2019\/08\/FRACS-for-web-1.png\",\"contentUrl\":\"https:\/\/fracs.aero\/wp-content\/uploads\/2019\/08\/FRACS-for-web-1.png\",\"width\":340,\"height\":156,\"caption\":\"France Aviation Civile Services\"},\"image\":{\"@id\":\"https:\/\/fracs.aero\/fr\/#\/schema\/logo\/image\/\"},\"sameAs\":[\"https:\/\/x.com\/fracsaero\",\"https:\/\/www.linkedin.com\/company\/fracs\/\"]}]}<\/script>\n<!-- \/ Yoast SEO plugin. -->","yoast_head_json":{"title":"Th\u00e9o CASTEX - France Aviation Civile Services","robots":{"index":"index","follow":"follow","max-snippet":"max-snippet:-1","max-image-preview":"max-image-preview:large","max-video-preview":"max-video-preview:-1"},"canonical":"https:\/\/fracs.aero\/fr\/theo-castex\/","og_locale":"fr_FR","og_type":"article","og_title":"Th\u00e9o CASTEX - France Aviation Civile Services","og_url":"https:\/\/fracs.aero\/fr\/theo-castex\/","og_site_name":"France Aviation Civile Services","article_modified_time":"2024-10-06T19:56:13+00:00","twitter_card":"summary_large_image","twitter_site":"@fracsaero","twitter_misc":{"Dur\u00e9e de lecture estim\u00e9e":"9 minutes"},"schema":{"@context":"https:\/\/schema.org","@graph":[{"@type":"WebPage","@id":"https:\/\/fracs.aero\/fr\/theo-castex\/","url":"https:\/\/fracs.aero\/fr\/theo-castex\/","name":"Th\u00e9o CASTEX - France Aviation Civile Services","isPartOf":{"@id":"https:\/\/fracs.aero\/fr\/#website"},"datePublished":"2024-10-03T20:09:23+00:00","dateModified":"2024-10-06T19:56:13+00:00","breadcrumb":{"@id":"https:\/\/fracs.aero\/fr\/theo-castex\/#breadcrumb"},"inLanguage":"fr-FR","potentialAction":[{"@type":"ReadAction","target":["https:\/\/fracs.aero\/fr\/theo-castex\/"]}]},{"@type":"BreadcrumbList","@id":"https:\/\/fracs.aero\/fr\/theo-castex\/#breadcrumb","itemListElement":[{"@type":"ListItem","position":1,"name":"Home","item":"https:\/\/fracs.aero\/fr\/"},{"@type":"ListItem","position":2,"name":"Th\u00e9o CASTEX"}]},{"@type":"WebSite","@id":"https:\/\/fracs.aero\/fr\/#website","url":"https:\/\/fracs.aero\/fr\/","name":"France Aviation Civile Services","description":"France Aviation Civile Services","publisher":{"@id":"https:\/\/fracs.aero\/fr\/#organization"},"potentialAction":[{"@type":"SearchAction","target":{"@type":"EntryPoint","urlTemplate":"https:\/\/fracs.aero\/fr\/?s={search_term_string}"},"query-input":{"@type":"PropertyValueSpecification","valueRequired":true,"valueName":"search_term_string"}}],"inLanguage":"fr-FR"},{"@type":"Organization","@id":"https:\/\/fracs.aero\/fr\/#organization","name":"France Aviation Civile Services","url":"https:\/\/fracs.aero\/fr\/","logo":{"@type":"ImageObject","inLanguage":"fr-FR","@id":"https:\/\/fracs.aero\/fr\/#\/schema\/logo\/image\/","url":"https:\/\/fracs.aero\/wp-content\/uploads\/2019\/08\/FRACS-for-web-1.png","contentUrl":"https:\/\/fracs.aero\/wp-content\/uploads\/2019\/08\/FRACS-for-web-1.png","width":340,"height":156,"caption":"France Aviation Civile Services"},"image":{"@id":"https:\/\/fracs.aero\/fr\/#\/schema\/logo\/image\/"},"sameAs":["https:\/\/x.com\/fracsaero","https:\/\/www.linkedin.com\/company\/fracs\/"]}]}},"_links":{"self":[{"href":"https:\/\/fracs.aero\/fr\/wp-json\/wp\/v2\/pages\/6609","targetHints":{"allow":["GET"]}}],"collection":[{"href":"https:\/\/fracs.aero\/fr\/wp-json\/wp\/v2\/pages"}],"about":[{"href":"https:\/\/fracs.aero\/fr\/wp-json\/wp\/v2\/types\/page"}],"author":[{"embeddable":true,"href":"https:\/\/fracs.aero\/fr\/wp-json\/wp\/v2\/users\/1"}],"replies":[{"embeddable":true,"href":"https:\/\/fracs.aero\/fr\/wp-json\/wp\/v2\/comments?post=6609"}],"version-history":[{"count":4,"href":"https:\/\/fracs.aero\/fr\/wp-json\/wp\/v2\/pages\/6609\/revisions"}],"predecessor-version":[{"id":6796,"href":"https:\/\/fracs.aero\/fr\/wp-json\/wp\/v2\/pages\/6609\/revisions\/6796"}],"wp:attachment":[{"href":"https:\/\/fracs.aero\/fr\/wp-json\/wp\/v2\/media?parent=6609"}],"curies":[{"name":"wp","href":"https:\/\/api.w.org\/{rel}","templated":true}]}}